{"id":1310,"date":"2021-06-21T10:05:56","date_gmt":"2021-06-21T10:05:56","guid":{"rendered":"https:\/\/pruebas.evernes.com\/innoliva\/?page_id=1310"},"modified":"2022-02-03T17:03:08","modified_gmt":"2022-02-03T17:03:08","slug":"aviso-legal","status":"publish","type":"page","link":"https:\/\/innoliva.com\/en\/aviso-legal\/","title":{"rendered":"Legal Advice"},"content":{"rendered":"[et_pb_section fb_built=\u00bb1&#8243; _builder_version=\u00bb4.9.7&#8243; _module_preset=\u00bbdefault\u00bb da_disable_devices=\u00bboff|off|off\u00bb global_colors_info=\u00bb{}\u00bb da_is_popup=\u00bboff\u00bb da_exit_intent=\u00bboff\u00bb da_has_close=\u00bbon\u00bb da_alt_close=\u00bboff\u00bb da_dark_close=\u00bboff\u00bb da_not_modal=\u00bbon\u00bb da_is_singular=\u00bboff\u00bb da_with_loader=\u00bboff\u00bb da_has_shadow=\u00bbon\u00bb][et_pb_row _builder_version=\u00bb4.9.7&#8243; _module_preset=\u00bbdefault\u00bb global_colors_info=\u00bb{}\u00bb][et_pb_column type=\u00bb4_4&#8243; _builder_version=\u00bb4.9.7&#8243; _module_preset=\u00bbdefault\u00bb global_colors_info=\u00bb{}\u00bb][et_pb_text _builder_version=\u00bb4.10.1&#8243; _module_preset=\u00bbdefault\u00bb text_orientation=\u00bbjustified\u00bb hover_enabled=\u00bb0&#8243; global_colors_info=\u00bb{}\u00bb text_orientation_last_edited=\u00bbon|tablet\u00bb text_orientation_tablet=\u00bbcenter\u00bb sticky_enabled=\u00bb0&#8243;]\n<h1><strong>AVISO LEGAL<\/strong><\/h1>\n<p>El presente Aviso Legal regula el uso del servicio de la p\u00e1gina web <a href=\"http:\/\/www.innoliva.com\">www.innoliva.com<\/a> que la empresa OLIVOS NATURALES, S.L. (en adelante, \u201c<strong>INNOLIVA<\/strong>\u201d) pone a disposici\u00f3n de los usuarios de Internet.<\/p>\n<p>En cumplimiento de la Ley 34\/2002, de 11 de julio, de servicios de la sociedad de la informaci\u00f3n y de comercio electr\u00f3nico, y como propietaria de este Sitio Web, Innoliva les facilita los siguientes datos de informaci\u00f3n general:<\/p>\n<p style=\"text-align: center\">Nombre Fiscal: OLIVOS NATURALES SL<\/p>\n<p style=\"text-align: center\">Inscrita en el Registro Mercantil de Sevilla, tomo 6859, folio 145, hoja SE-125847.<\/p>\n<p style=\"text-align: center\">CIF: B84456482<\/p>\n<p style=\"text-align: center\">Direcci\u00f3n: Calle Infante Don Carlos de Borb\u00f3n, 16, 2D, 41004 Sevilla, Espa\u00f1a.<\/p>\n<p style=\"text-align: center\">TLF: +34 854581100<\/p>\n<p style=\"text-align: center\">Email:\u00a0 <a href=\"mailto:info@innoliva.com\">info@innoliva.com<\/a><\/p>\n<p><strong>\u00a0<\/strong><\/p>\n<p><strong>INNOLIVA <\/strong>es una marca comercial inscrita en la Oficina de Propiedad Intelectual de la Uni\u00f3n Europea (EUIPO) con el n\u00famero de registro 17987722, cuyo titular es la mercantil OLIVOS NATURALES, S.L.<\/p>\n<p><strong><\/strong><\/p>\n<ol>\n<li><strong> <\/strong><strong>CONDICIONES DE ACCESO<\/strong><\/li>\n<\/ol>\n<p>El acceso y utilizaci\u00f3n de cualquiera de los servicios de este Sitio Web es libre y gratuito, e implica la aceptaci\u00f3n tanto de las condiciones de uso que se describen en este aviso legal como de la pol\u00edtica de protecci\u00f3n de datos de car\u00e1cter personal de <strong>INNOLIVA<\/strong> (ver la garant\u00eda de seguridad y privacidad de <strong>INNOLIVA<\/strong>). Para cualquier duda, consulta o solicitud, <strong>INNOLIVA<\/strong> pone a disposici\u00f3n de sus clientes y usuarios distintos medios de contacto para comunicarse con su departamento de Atenci\u00f3n al Cliente.<\/p>\n<ol start=\"2\">\n<li><strong> <\/strong><strong>PROPIEDAD INTELECTUAL<\/strong><\/li>\n<\/ol>\n<p>Todos los derechos est\u00e1n reservados.<\/p>\n<p>Todo acceso a este Sitio Web est\u00e1 sujeto a las siguientes condiciones: la reproducci\u00f3n, almacenaje permanente y la difusi\u00f3n de los contenidos o cualquier otro uso que tenga finalidad p\u00fablica o comercial queda expresamente prohibida sin el consentimiento previo expreso y por escrito de <strong>INNOLIVA<\/strong>.<\/p>\n<ol start=\"3\">\n<li><strong> <\/strong><strong>DATOS PERSONALES<\/strong><\/li>\n<\/ol>\n<p>Usted puede consultar toda la informaci\u00f3n relativa al tratamiento de datos personales que recoge <strong>INNOLIVA<\/strong> en la p\u00e1gina de la Pol\u00edtica de Privacidad y Cookies.<\/p>\n<ol start=\"4\">\n<li><strong> <\/strong><strong>CONTENIDOS<\/strong><\/li>\n<\/ol>\n<p><strong>INNOLIVA<\/strong> ha obtenido la informaci\u00f3n, el contenido multimedia y los materiales incluidos en el Sitio Web de fuentes que considera fiables, pero, si bien ha tomado todas las medidas razonables para asegurar que la informaci\u00f3n contenida es correcta, <strong>INNOLIVA<\/strong> no garantiza que sea exacta, completa o actualizada. <strong>INNOLIVA<\/strong> declina expresamente cualquier responsabilidad por error u omisi\u00f3n en la informaci\u00f3n contenida en las p\u00e1ginas de este Sitio Web.<\/p>\n<p>Queda prohibido transmitir o enviar a trav\u00e9s de <a href=\"http:\/\/www.innoliva.com\">www.innoliva.com<\/a> cualquier contenido ilegal o il\u00edcito, virus inform\u00e1ticos, o mensajes que, en general, afecten o violen derechos de <strong>INNOLIVA<\/strong> o de terceros.<\/p>\n<p><strong>INNOLIVA<\/strong> se reserva el derecho a modificar, suspender, cancelar o restringir el contenido del <a href=\"http:\/\/www.innoliva.com\">www.innoliva.com<\/a>, los v\u00ednculos o la informaci\u00f3n obtenida a trav\u00e9s de innoliva.com, sin necesidad de previo aviso.<\/p>\n<p><strong>INNOLIVA<\/strong> no es responsable de los da\u00f1os y perjuicios que pudieran derivarse de la utilizaci\u00f3n de la informaci\u00f3n de <a href=\"http:\/\/www.innoliva.com\">www.innoliva.com<\/a> o de la contenida en las redes sociales de <strong>INNOLIVA<\/strong>.<\/p>\n<ol start=\"5\">\n<li><strong> <\/strong><strong>ENLACES A OTROS SITIOS WEB<\/strong><\/li>\n<\/ol>\n<p><strong>INNOLIVA<\/strong> puede proporcionarles acceso a sitios web de terceros mediante enlaces con la finalidad exclusiva de informar sobre la existencia de otras fuentes de informaci\u00f3n en Internet en las que podr\u00e1 ampliar los datos ofrecidos en el Sitio Web.<\/p>\n<p>Estos enlaces a otros sitios web no suponen en ning\u00fan caso una sugerencia o recomendaci\u00f3n para que usted visite las p\u00e1ginas web de destino, que est\u00e1n fuera del control de <strong>INNOLIVA<\/strong>, por lo que <strong>INNOLIVA<\/strong> no es responsable del contenido de los sitios web vinculados ni del resultado que obtenga al seguir los enlaces.<\/p>\n<p>Asimismo, el <strong>INNOLIVA<\/strong> no responde de los links o enlaces ubicados en los sitios web vinculados a los que le proporciona acceso.<\/p>\n<p>El establecimiento del enlace no implica en ning\u00fan caso la existencia de relaciones entre <strong>INNOLIVA<\/strong> y el propietario del sitio en el que se establezca el enlace, ni la aceptaci\u00f3n o aprobaci\u00f3n por parte de <strong>INNOLIVA<\/strong> de sus contenidos o servicios.<\/p>\n<p>Si accede a un Sitio Web externo desde un enlace que encuentre en innoliva.com usted deber\u00e1 leer la propia pol\u00edtica de privacidad del otro Sitio Web que puede ser diferente de la de <a href=\"http:\/\/www.innoliva.com\">www.innoliva.com<\/a><\/p>\n<ol start=\"6\">\n<li><strong> <\/strong><strong>LIMITACI\u00d3N DE RESPONSABILIDAD<\/strong><\/li>\n<\/ol>\n<p>La informaci\u00f3n y servicios incluidos o disponibles a trav\u00e9s de este Sitio Web pueden incluir incorrecciones o errores tipogr\u00e1ficos. De forma peri\u00f3dica <strong>INNOLIVA<\/strong> incorpora mejoras y\/o cambios a la informaci\u00f3n contenida y\/o los Servicios que puede introducir en cualquier momento.<\/p>\n<p><strong>INNOLIVA<\/strong> no declara ni garantiza que los servicios o contenidos sean interrumpidos o que est\u00e9n libres de errores, que los defectos sean corregidos, o que el servicio o el servidor que lo pone a disposici\u00f3n est\u00e9n libres de virus u otros componentes nocivos sin perjuicio de que <strong>INNOLIVA<\/strong> realiza todos los esfuerzos en evitar este tipo de incidentes.<\/p>\n<p><strong>INNOLIVA<\/strong> declina cualquier responsabilidad en caso de que existan interrupciones o un mal funcionamiento de los Servicios o contenidos ofrecidos en Internet, cualquiera que sea su causa. Asimismo, <strong>INNOLIVA<\/strong> no se hace responsable por ca\u00eddas de la red, p\u00e9rdidas de negocio a consecuencia de dichas ca\u00eddas, suspensiones temporales de fluido el\u00e9ctrico o cualquier otro tipo de da\u00f1o indirecto que te pueda ser causado por causas ajenas a <strong>INNOLIVA<\/strong>.<\/p>\n<p>Antes de tomar decisiones y\/o acciones con base a la informaci\u00f3n incluida en el Sitio Web, <strong>INNOLIVA<\/strong> le recomienda comprobar y contrastar la informaci\u00f3n recibida con otras fuentes.<\/p>\n<ol start=\"7\">\n<li><strong> <\/strong><strong>DERECHO DE EXCLUSI\u00d3N<\/strong><\/li>\n<\/ol>\n<p><strong>INNOLIVA<\/strong> se reserva el derecho a denegar o retirar el acceso a innoliva.com y los servicios ofrecidos sin necesidad de preaviso, a instancia propia o de un tercero, a aquellos usuarios que incumplan cualquiera de las condiciones de este Aviso Legal.<\/p>\n<ol start=\"8\">\n<li><strong> <\/strong><strong>JURISDICCI\u00d3N<\/strong><\/li>\n<\/ol>\n<p>Este Aviso Legal se rige \u00edntegramente por la legislaci\u00f3n espa\u00f1ola.<\/p>\n<p>En el supuesto de que surja cualquier conflicto o discrepancia en la interpretaci\u00f3n o aplicaci\u00f3n del presente Aviso Legal, los Juzgados y Tribunales que, en su caso, conocer\u00e1n del asunto, ser\u00e1n los que disponga la normativa legal aplicable en materia de jurisdicci\u00f3n competente, en la que se atiende, trat\u00e1ndose de consumidores finales, al lugar en que \u00e9stos tengan su residencia habitual.<\/p>\n<p>En el caso de que se trate de una empresa, ambas partes se someten, con renuncia expresa a cualquier otro fuero, a los Juzgados y Tribunales de Sevilla (Espa\u00f1a).<\/p>\n<p>Para la resoluci\u00f3n de litigios en l\u00ednea conforme al art\u00edculo 14.1 del Reglamento (UE) 524\/2013, la Comisi\u00f3n Europea facilita una plataforma de resoluci\u00f3n de litigios en l\u00ednea, la cual se encuentra disponible en el siguiente enlace: <a href=\"http:\/\/ec.europa.eu\/consumers\/odr\/\">http:\/\/ec.europa.eu\/consumers\/odr\/<\/a>.<\/p>\n<ol start=\"9\">\n<li><strong> <\/strong><strong>MEDIDAS DE SEGURIDAD<\/strong><\/li>\n<\/ol>\n<p>Los datos personales que facilite a <strong>INNOLIVA<\/strong> pueden ser almacenados en bases de datos automatizadas o no, cuya titularidad corresponde en exclusiva a <strong>INNOLIVA<\/strong>, que asume todas las medidas de \u00edndole t\u00e9cnica, organizativa y de seguridad que garantizan la confidencialidad, integridad y calidad de la informaci\u00f3n contenida en las mismas de acuerdo con lo establecido en la normativa vigente en protecci\u00f3n de datos, RGPD 679\/2019.<\/p>\n<p>No obstante, debe ser consciente de que las medidas de seguridad de los sistemas inform\u00e1ticos en Internet no son enteramente fiables y que, por tanto <strong>INNOLIVA<\/strong> no puede garantizar la inexistencia de virus u otros elementos que puedan producir alteraciones en los sistemas inform\u00e1ticos (software y hardware) del Usuario o en sus documentos electr\u00f3nicos y ficheros contenidos en los mismos aunque <strong>INNOLIVA<\/strong> pone todos los medios necesarios y toma las medidas de seguridad oportunas para evitar la presencia de estos elementos da\u00f1inos.<\/p>\n<ol start=\"10\">\n<li><strong> <\/strong><strong>MODIFICACI\u00d3N DE LOS T\u00c9RMINOS Y CONDICIONES<\/strong><\/li>\n<\/ol>\n<p><strong>INNOLIVA<\/strong> podr\u00e1, en cualquier momento, revisar los t\u00e9rminos y condiciones que se hallan en este Aviso Legal por medio de la actualizaci\u00f3n de esta p\u00e1gina.<\/p>\n<p>Olivos Naturales S.L. perseguir\u00e1 el incumplimiento de las anteriores condiciones, as\u00ed como cualquier utilizaci\u00f3n indebida de los contenidos presentados en su Sitio Web ejerciendo todas las acciones civiles y penales que le puedan corresponder en derecho.<\/p>\n<ol start=\"11\">\n<li><strong> <\/strong><strong>CONTACTO<\/strong><\/li>\n<\/ol>\n<p>En caso de que usted tenga cualquier duda acerca de estas Condiciones legales o quiera realizar cualquier comentario sobre este Sitio Web, puede enviar un mensaje de correo electr\u00f3nico a la direcci\u00f3n <a href=\"mailto:info@innoliva.com\">info@innoliva.com<\/a><\/p>\n<p>&nbsp;<\/p>\n[\/et_pb_text][\/et_pb_column][\/et_pb_row][\/et_pb_section]\n","protected":false},"excerpt":{"rendered":"<p>AVISO LEGAL El presente Aviso Legal regula el uso del servicio de la p\u00e1gina web www.innoliva.com que la empresa OLIVOS NATURALES, S.L. (en adelante, \u201cINNOLIVA\u201d) pone a disposici\u00f3n de los usuarios de Internet. En cumplimiento de la Ley 34\/2002, de 11 de julio, de servicios de la sociedad de la informaci\u00f3n y de comercio electr\u00f3nico, [&hellip;]<\/p>\n","protected":false},"author":1,"featured_media":0,"parent":0,"menu_order":0,"comment_status":"closed","ping_status":"closed","template":"","meta":{"_et_pb_use_builder":"on","_et_pb_old_content":"","_et_gb_content_width":"","footnotes":""},"class_list":["post-1310","page","type-page","status-publish","hentry"],"aioseo_notices":[],"jetpack_sharing_enabled":true,"_links":{"self":[{"href":"https:\/\/innoliva.com\/en\/wp-json\/wp\/v2\/pages\/1310","targetHints":{"allow":["GET"]}}],"collection":[{"href":"https:\/\/innoliva.com\/en\/wp-json\/wp\/v2\/pages"}],"about":[{"href":"https:\/\/innoliva.com\/en\/wp-json\/wp\/v2\/types\/page"}],"author":[{"embeddable":true,"href":"https:\/\/innoliva.com\/en\/wp-json\/wp\/v2\/users\/1"}],"replies":[{"embeddable":true,"href":"https:\/\/innoliva.com\/en\/wp-json\/wp\/v2\/comments?post=1310"}],"version-history":[{"count":9,"href":"https:\/\/innoliva.com\/en\/wp-json\/wp\/v2\/pages\/1310\/revisions"}],"predecessor-version":[{"id":3337,"href":"https:\/\/innoliva.com\/en\/wp-json\/wp\/v2\/pages\/1310\/revisions\/3337"}],"wp:attachment":[{"href":"https:\/\/innoliva.com\/en\/wp-json\/wp\/v2\/media?parent=1310"}],"curies":[{"name":"wp","href":"https:\/\/api.w.org\/{rel}","templated":true}]}}