{"id":343,"date":"2021-06-09T07:45:01","date_gmt":"2021-06-09T07:45:01","guid":{"rendered":"https:\/\/pruebas.evernes.com\/innoliva\/?page_id=343"},"modified":"2022-03-17T10:20:55","modified_gmt":"2022-03-17T10:20:55","slug":"innovacion","status":"publish","type":"page","link":"https:\/\/innoliva.com\/en\/innovacion\/","title":{"rendered":"Innovation"},"content":{"rendered":"[et_pb_section fb_built=\u00bb1&#8243; _builder_version=\u00bb4.9.7&#8243; _module_preset=\u00bbdefault\u00bb background_color=\u00bb#dedc1d\u00bb background_image=\u00bbhttps:\/\/innoliva.com\/wp-content\/uploads\/2021\/06\/Diseno-sin-titulo-21.jpg\u00bb height=\u00bb240px\u00bb height_tablet=\u00bb\u00bb height_phone=\u00bb\u00bb height_last_edited=\u00bbon|desktop\u00bb custom_padding=\u00bb0px||0px||true|\u00bb da_disable_devices=\u00bboff|off|off\u00bb da_is_popup=\u00bboff\u00bb da_exit_intent=\u00bboff\u00bb da_has_close=\u00bbon\u00bb da_alt_close=\u00bboff\u00bb da_dark_close=\u00bboff\u00bb da_not_modal=\u00bbon\u00bb da_is_singular=\u00bboff\u00bb da_with_loader=\u00bboff\u00bb da_has_shadow=\u00bbon\u00bb][et_pb_row _builder_version=\u00bb4.9.7&#8243; _module_preset=\u00bbdefault\u00bb height=\u00bb120px\u00bb height_tablet=\u00bb\u00bb height_phone=\u00bb\u00bb height_last_edited=\u00bbon|desktop\u00bb custom_padding=\u00bb39px|||||\u00bb][et_pb_column type=\u00bb4_4&#8243; _builder_version=\u00bb4.9.4&#8243; _module_preset=\u00bbdefault\u00bb][et_pb_text _builder_version=\u00bb4.9.7&#8243; _module_preset=\u00bbdefault\u00bb text_font=\u00bb|700|||||||\u00bb text_text_color=\u00bb#000000&#8243; text_font_size=\u00bb42px\u00bb text_line_height=\u00bb1.2em\u00bb text_orientation=\u00bbcenter\u00bb text_font_size_tablet=\u00bb\u00bb text_font_size_phone=\u00bb35px\u00bb text_font_size_last_edited=\u00bbon|phone\u00bb global_colors_info=\u00bb{}\u00bb]\n<p>INNOVACI\u00d3N<\/p>\n[\/et_pb_text][\/et_pb_column][\/et_pb_row][et_pb_row _builder_version=\u00bb4.9.7&#8243; _module_preset=\u00bbdefault\u00bb height=\u00bb120px\u00bb height_tablet=\u00bb\u00bb height_phone=\u00bb\u00bb height_last_edited=\u00bbon|desktop\u00bb][et_pb_column type=\u00bb4_4&#8243; _builder_version=\u00bb4.9.4&#8243; _module_preset=\u00bbdefault\u00bb][et_pb_text _builder_version=\u00bb4.9.7&#8243; _module_preset=\u00bbdefault\u00bb text_font=\u00bb||||||||\u00bb text_text_color=\u00bb#000000&#8243; text_font_size=\u00bb20px\u00bb text_orientation=\u00bbcenter\u00bb global_colors_info=\u00bb{}\u00bb]\n<div class=\"et_pb_module et_pb_text et_pb_text_17  et_pb_text_align_left et_pb_bg_layout_light\">\n<div class=\"et_pb_text_inner\">\n<p style=\"text-align: center\"><span>Pioneros en la incorporaci\u00f3n y uso de nuevas tecnolog\u00edas y t\u00e9cnicas agr\u00edcolas innovadoras<\/span><\/p>\n<\/div>\n<\/div>\n[\/et_pb_text][\/et_pb_column][\/et_pb_row][\/et_pb_section][et_pb_section fb_built=\u00bb1&#8243; _builder_version=\u00bb4.9.7&#8243; _module_preset=\u00bbdefault\u00bb custom_padding=\u00bb26px|||||\u00bb da_disable_devices=\u00bboff|off|off\u00bb da_is_popup=\u00bboff\u00bb da_exit_intent=\u00bboff\u00bb da_has_close=\u00bbon\u00bb da_alt_close=\u00bboff\u00bb da_dark_close=\u00bboff\u00bb da_not_modal=\u00bbon\u00bb da_is_singular=\u00bboff\u00bb da_with_loader=\u00bboff\u00bb da_has_shadow=\u00bbon\u00bb][et_pb_row _builder_version=\u00bb4.9.7&#8243; _module_preset=\u00bbdefault\u00bb use_background_color_gradient=\u00bbon\u00bb background_color_gradient_start=\u00bbrgba(0,0,0,0.75)\u00bb background_color_gradient_end=\u00bbrgba(41,196,169,0)\u00bb background_color_gradient_direction=\u00bb360deg\u00bb background_color_gradient_end_position=\u00bb63%\u00bb background_image=\u00bbhttps:\/\/innoliva.com\/wp-content\/uploads\/2021\/06\/big_data-scaled.jpg\u00bb background_blend=\u00bbmultiply\u00bb width_tablet=\u00bb\u00bb width_phone=\u00bb95%\u00bb width_last_edited=\u00bbon|phone\u00bb custom_margin=\u00bb||24px||false|false\u00bb custom_padding=\u00bb||16px||false|false\u00bb animation_style=\u00bbslide\u00bb animation_direction=\u00bbright\u00bb background_color_phone=\u00bbrgba(0,0,0,0.84)\u00bb background_last_edited=\u00bbon|phone\u00bb background_enable_color_phone=\u00bbon\u00bb use_background_color_gradient_tablet=\u00bbon\u00bb use_background_color_gradient_phone=\u00bboff\u00bb background_color_gradient_start_tablet=\u00bbrgba(0,0,0,0.71)\u00bb background_color_gradient_end_tablet=\u00bbrgba(6,33,30,0.24)\u00bb border_radii=\u00bbon|16px|16px|16px|16px\u00bb box_shadow_style=\u00bbpreset3&#8243;][et_pb_column type=\u00bb4_4&#8243; _builder_version=\u00bb4.9.4&#8243; _module_preset=\u00bbdefault\u00bb][et_pb_text _builder_version=\u00bb4.9.7&#8243; _module_preset=\u00bbdefault\u00bb text_font=\u00bb||||||||\u00bb text_text_color=\u00bb#FFFFFF\u00bb text_font_size=\u00bb18px\u00bb header_text_align=\u00bbleft\u00bb header_2_font=\u00bb|||on|||||\u00bb header_2_font_size=\u00bb30px\u00bb text_orientation=\u00bbjustified\u00bb custom_margin=\u00bb342px||||false|false\u00bb custom_margin_tablet=\u00bb\u00bb custom_margin_phone=\u00bb140px||140px||true|false\u00bb custom_margin_last_edited=\u00bbon|phone\u00bb custom_padding=\u00bb|18px||18px|false|true\u00bb header_2_text_align_tablet=\u00bbcenter\u00bb header_2_text_align_phone=\u00bbcenter\u00bb header_2_text_align_last_edited=\u00bbon|phone\u00bb text_orientation_tablet=\u00bbcenter\u00bb text_orientation_phone=\u00bbcenter\u00bb text_orientation_last_edited=\u00bbon|phone\u00bb]\n<h2><span style=\"color: #ffffff\"><strong>Agricultura predictiva<\/strong><\/span><\/h2>\n<p><span style=\"font-weight: 400\">Con el uso del Big Data, modelos matem\u00e1ticos y algoritmos tenemos herramientas que nos ayudar a gestionar nuestras fincas maximizando nuestra producci\u00f3n, optimizando nuestras operaciones y minimizando riesgos tanto biol\u00f3gicos como climatol\u00f3gicos.<\/span><\/p>\n[\/et_pb_text][\/et_pb_column][\/et_pb_row][et_pb_row _builder_version=\u00bb4.9.7&#8243; _module_preset=\u00bbdefault\u00bb use_background_color_gradient=\u00bbon\u00bb background_color_gradient_start=\u00bbrgba(0,0,0,0.5)\u00bb background_color_gradient_end=\u00bbrgba(41,196,169,0)\u00bb background_color_gradient_direction=\u00bb360deg\u00bb background_color_gradient_end_position=\u00bb63%\u00bb background_image=\u00bbhttps:\/\/innoliva.com\/wp-content\/uploads\/2021\/06\/jason-blackeye-IBLo7-N4z94-unsplash-scaled.jpg\u00bb background_blend=\u00bbmultiply\u00bb width_tablet=\u00bb\u00bb width_phone=\u00bb95%\u00bb width_last_edited=\u00bbon|phone\u00bb custom_margin=\u00bb||24px||false|false\u00bb custom_padding=\u00bb||16px||false|false\u00bb animation_style=\u00bbslide\u00bb animation_direction=\u00bbright\u00bb background_color_phone=\u00bbrgba(0,0,0,0.45)\u00bb background_last_edited=\u00bbon|phone\u00bb background_enable_color_phone=\u00bbon\u00bb use_background_color_gradient_tablet=\u00bbon\u00bb use_background_color_gradient_phone=\u00bboff\u00bb background_color_gradient_start_tablet=\u00bbrgba(0,0,0,0.71)\u00bb background_color_gradient_end_tablet=\u00bbrgba(6,33,30,0.24)\u00bb border_radii=\u00bbon|16px|16px|16px|16px\u00bb box_shadow_style=\u00bbpreset3&#8243;][et_pb_column type=\u00bb4_4&#8243; _builder_version=\u00bb4.9.4&#8243; _module_preset=\u00bbdefault\u00bb][et_pb_text _builder_version=\u00bb4.9.7&#8243; _module_preset=\u00bbdefault\u00bb text_text_color=\u00bb#FFFFFF\u00bb text_font_size=\u00bb18px\u00bb header_text_align=\u00bbleft\u00bb header_2_font=\u00bb|||on|||||\u00bb header_2_font_size=\u00bb30px\u00bb text_orientation=\u00bbjustified\u00bb custom_margin=\u00bb342px||||false|false\u00bb custom_margin_tablet=\u00bb\u00bb custom_margin_phone=\u00bb140px||140px||true|false\u00bb custom_margin_last_edited=\u00bbon|phone\u00bb custom_padding=\u00bb|18px||18px|false|true\u00bb header_2_text_align_tablet=\u00bbcenter\u00bb header_2_text_align_phone=\u00bbcenter\u00bb header_2_text_align_last_edited=\u00bbon|phone\u00bb text_orientation_tablet=\u00bbcenter\u00bb text_orientation_phone=\u00bbcenter\u00bb text_orientation_last_edited=\u00bbon|phone\u00bb]\n<h2><span style=\"color: #ffffff\"><strong>Drones<\/strong><\/span><\/h2>\n<p><span style=\"font-weight: 400\">Nos permite tener una visi\u00f3n muy detallada del estado de cada una de las zonas de la plantaci\u00f3n. Ello nos permite aplicar de manera quir\u00fargica acciones correctivas en zonas espec\u00edficas para obtener el m\u00e1ximo rendimiento de nuestras fincas.\u00a0<\/span><\/p>\n[\/et_pb_text][\/et_pb_column][\/et_pb_row][et_pb_row _builder_version=\u00bb4.9.10&#8243; _module_preset=\u00bbdefault\u00bb use_background_color_gradient=\u00bbon\u00bb background_color_gradient_start=\u00bbrgba(0,0,0,0.5)\u00bb background_color_gradient_end=\u00bbrgba(41,196,169,0)\u00bb background_color_gradient_direction=\u00bb360deg\u00bb background_color_gradient_end_position=\u00bb63%\u00bb background_image=\u00bbhttps:\/\/innoliva.com\/wp-content\/uploads\/2021\/08\/HumedadEN.png\u00bb background_position=\u00bbtop_right\u00bb background_blend=\u00bbmultiply\u00bb width_tablet=\u00bb\u00bb width_phone=\u00bb95%\u00bb width_last_edited=\u00bbon|phone\u00bb custom_margin=\u00bb||24px||false|false\u00bb custom_padding=\u00bb||16px||false|false\u00bb animation_style=\u00bbslide\u00bb animation_direction=\u00bbright\u00bb hover_enabled=\u00bb0&#8243; background_color_phone=\u00bbrgba(0,0,0,0.45)\u00bb background_last_edited=\u00bbon|phone\u00bb background_enable_color_phone=\u00bbon\u00bb use_background_color_gradient_tablet=\u00bbon\u00bb use_background_color_gradient_phone=\u00bboff\u00bb background_color_gradient_start_tablet=\u00bbrgba(0,0,0,0.71)\u00bb background_color_gradient_end_tablet=\u00bbrgba(6,33,30,0.24)\u00bb background_image_phone=\u00bbhttps:\/\/innoliva.com\/wp-content\/uploads\/2021\/08\/HumedadENAjustada.png\u00bb background_enable_image_phone=\u00bbon\u00bb parallax_phone=\u00bboff\u00bb background_size_phone=\u00bbcover\u00bb background_position_tablet=\u00bbcenter_right\u00bb background_position_phone=\u00bbcenter\u00bb background_repeat_phone=\u00bbno-repeat\u00bb background_blend_phone=\u00bbmultiply\u00bb border_radii=\u00bbon|16px|16px|16px|16px\u00bb box_shadow_style=\u00bbpreset3&#8243; title_text=\u00bbHumedadENAjustada\u00bb sticky_enabled=\u00bb0&#8243;][et_pb_column type=\u00bb4_4&#8243; _builder_version=\u00bb4.9.4&#8243; _module_preset=\u00bbdefault\u00bb][et_pb_text _builder_version=\u00bb4.9.7&#8243; _module_preset=\u00bbdefault\u00bb text_text_color=\u00bb#FFFFFF\u00bb text_font_size=\u00bb18px\u00bb header_text_align=\u00bbleft\u00bb header_2_font=\u00bb|||on|||||\u00bb header_2_font_size=\u00bb30px\u00bb text_orientation=\u00bbjustified\u00bb custom_margin=\u00bb342px||||false|false\u00bb custom_margin_tablet=\u00bb\u00bb custom_margin_phone=\u00bb140px||140px||true|false\u00bb custom_margin_last_edited=\u00bbon|phone\u00bb custom_padding=\u00bb|18px||18px|false|true\u00bb header_2_text_align_tablet=\u00bbcenter\u00bb header_2_text_align_phone=\u00bbcenter\u00bb header_2_text_align_last_edited=\u00bbon|phone\u00bb text_orientation_tablet=\u00bbcenter\u00bb text_orientation_phone=\u00bbcenter\u00bb text_orientation_last_edited=\u00bbon|phone\u00bb]\n<h2><span style=\"color: #ffffff\"><strong>Sensores<\/strong><\/span><\/h2>\n<p><span style=\"font-weight: 400\">Utilizamos una variedad importante de sensores para conocer el estado en tiempo real de todas nuestras fincas: estaciones climatol\u00f3gicas propias, sensores de humedad, de conductividad el\u00e9ctrica, etc. Necesidad de riego, estado del suelo, posibles enfermedades, todo para poder tomar decisiones y actuar de forma m\u00e1s precisa.<\/span><\/p>\n[\/et_pb_text][\/et_pb_column][\/et_pb_row][et_pb_row _builder_version=\u00bb4.9.7&#8243; _module_preset=\u00bbdefault\u00bb use_background_color_gradient=\u00bbon\u00bb background_color_gradient_start=\u00bbrgba(0,0,0,0.5)\u00bb background_color_gradient_end=\u00bbrgba(41,196,169,0)\u00bb background_color_gradient_direction=\u00bb360deg\u00bb background_color_gradient_end_position=\u00bb63%\u00bb background_image=\u00bbhttps:\/\/innoliva.com\/wp-content\/uploads\/2021\/06\/47612-como-interpretar-una-imagen-de-satelite-consejos-y-estrategias-102441-6_1280.jpg\u00bb background_blend=\u00bbmultiply\u00bb width_tablet=\u00bb\u00bb width_phone=\u00bb95%\u00bb width_last_edited=\u00bbon|phone\u00bb custom_margin=\u00bb||24px||false|false\u00bb custom_padding=\u00bb||16px||false|false\u00bb animation_style=\u00bbslide\u00bb animation_direction=\u00bbright\u00bb background_color_phone=\u00bbrgba(0,0,0,0.45)\u00bb background_last_edited=\u00bbon|phone\u00bb background_enable_color_phone=\u00bbon\u00bb use_background_color_gradient_tablet=\u00bbon\u00bb use_background_color_gradient_phone=\u00bboff\u00bb background_color_gradient_start_tablet=\u00bbrgba(0,0,0,0.71)\u00bb background_color_gradient_end_tablet=\u00bbrgba(6,33,30,0.24)\u00bb border_radii=\u00bbon|16px|16px|16px|16px\u00bb box_shadow_style=\u00bbpreset3&#8243;][et_pb_column type=\u00bb4_4&#8243; _builder_version=\u00bb4.9.4&#8243; _module_preset=\u00bbdefault\u00bb][et_pb_text _builder_version=\u00bb4.9.7&#8243; _module_preset=\u00bbdefault\u00bb text_text_color=\u00bb#FFFFFF\u00bb text_font_size=\u00bb18px\u00bb header_text_align=\u00bbleft\u00bb header_2_font=\u00bb|||on|||||\u00bb header_2_font_size=\u00bb30px\u00bb text_orientation=\u00bbjustified\u00bb custom_margin=\u00bb342px||||false|false\u00bb custom_margin_tablet=\u00bb\u00bb custom_margin_phone=\u00bb140px||140px||true|false\u00bb custom_margin_last_edited=\u00bbon|phone\u00bb custom_padding=\u00bb|18px||18px|false|true\u00bb header_2_text_align_tablet=\u00bbcenter\u00bb header_2_text_align_phone=\u00bbcenter\u00bb header_2_text_align_last_edited=\u00bbon|phone\u00bb text_orientation_tablet=\u00bbcenter\u00bb text_orientation_phone=\u00bbcenter\u00bb text_orientation_last_edited=\u00bbon|phone\u00bb]\n<h2><span style=\"color: #ffffff\"><strong>Im\u00e1genes Satelitales<\/strong><\/span><\/h2>\n<p><span style=\"font-weight: 400\">Utilizamos im\u00e1genes sat\u00e9lites para hacer el seguimiento de los olivares, analizar el estr\u00e9s h\u00eddrico de las fincas, el crecimiento vegetativo, etc. que ayudan a gestionar de una forma \u00f3ptima el riesgo y la fertilizaci\u00f3n de nuestras fincas.<\/span><\/p>\n[\/et_pb_text][\/et_pb_column][\/et_pb_row][\/et_pb_section]\n","protected":false},"excerpt":{"rendered":"<p>INNOVACI\u00d3N Pioneros en la incorporaci\u00f3n y uso de nuevas tecnolog\u00edas y t\u00e9cnicas agr\u00edcolas innovadoras Agricultura predictiva Con el uso del Big Data, modelos matem\u00e1ticos y algoritmos tenemos herramientas que nos ayudar a gestionar nuestras fincas maximizando nuestra producci\u00f3n, optimizando nuestras operaciones y minimizando riesgos tanto biol\u00f3gicos como climatol\u00f3gicos.Drones Nos permite tener una visi\u00f3n muy detallada [&hellip;]<\/p>\n","protected":false},"author":1,"featured_media":321,"parent":0,"menu_order":0,"comment_status":"closed","ping_status":"closed","template":"","meta":{"_et_pb_use_builder":"on","_et_pb_old_content":"","_et_gb_content_width":"","footnotes":""},"class_list":["post-343","page","type-page","status-publish","has-post-thumbnail","hentry"],"aioseo_notices":[],"jetpack_sharing_enabled":true,"_links":{"self":[{"href":"https:\/\/innoliva.com\/en\/wp-json\/wp\/v2\/pages\/343","targetHints":{"allow":["GET"]}}],"collection":[{"href":"https:\/\/innoliva.com\/en\/wp-json\/wp\/v2\/pages"}],"about":[{"href":"https:\/\/innoliva.com\/en\/wp-json\/wp\/v2\/types\/page"}],"author":[{"embeddable":true,"href":"https:\/\/innoliva.com\/en\/wp-json\/wp\/v2\/users\/1"}],"replies":[{"embeddable":true,"href":"https:\/\/innoliva.com\/en\/wp-json\/wp\/v2\/comments?post=343"}],"version-history":[{"count":50,"href":"https:\/\/innoliva.com\/en\/wp-json\/wp\/v2\/pages\/343\/revisions"}],"predecessor-version":[{"id":3470,"href":"https:\/\/innoliva.com\/en\/wp-json\/wp\/v2\/pages\/343\/revisions\/3470"}],"wp:featuredmedia":[{"embeddable":true,"href":"https:\/\/innoliva.com\/en\/wp-json\/wp\/v2\/media\/321"}],"wp:attachment":[{"href":"https:\/\/innoliva.com\/en\/wp-json\/wp\/v2\/media?parent=343"}],"curies":[{"name":"wp","href":"https:\/\/api.w.org\/{rel}","templated":true}]}}