{"id":376,"date":"2021-06-09T08:40:24","date_gmt":"2021-06-09T08:40:24","guid":{"rendered":"https:\/\/pruebas.evernes.com\/innoliva\/?page_id=376"},"modified":"2022-02-05T12:00:25","modified_gmt":"2022-02-05T12:00:25","slug":"trazabilidad","status":"publish","type":"page","link":"https:\/\/innoliva.com\/en\/trazabilidad\/","title":{"rendered":"Traceability"},"content":{"rendered":"[et_pb_section fb_built=\u00bb1&#8243; _builder_version=\u00bb4.9.7&#8243; _module_preset=\u00bbdefault\u00bb background_color=\u00bb#dedc1d\u00bb background_image=\u00bbhttps:\/\/innoliva.com\/wp-content\/uploads\/2021\/06\/Diseno-sin-titulo-21.jpg\u00bb height=\u00bb240px\u00bb height_tablet=\u00bb\u00bb height_phone=\u00bb\u00bb height_last_edited=\u00bbon|desktop\u00bb custom_padding=\u00bb0px||0px||true|\u00bb da_disable_devices=\u00bboff|off|off\u00bb da_is_popup=\u00bboff\u00bb da_exit_intent=\u00bboff\u00bb da_has_close=\u00bbon\u00bb da_alt_close=\u00bboff\u00bb da_dark_close=\u00bboff\u00bb da_not_modal=\u00bbon\u00bb da_is_singular=\u00bboff\u00bb da_with_loader=\u00bboff\u00bb da_has_shadow=\u00bbon\u00bb][et_pb_row _builder_version=\u00bb4.9.7&#8243; _module_preset=\u00bbdefault\u00bb custom_padding=\u00bb39px|||||\u00bb][et_pb_column type=\u00bb4_4&#8243; _builder_version=\u00bb4.9.4&#8243; _module_preset=\u00bbdefault\u00bb][et_pb_text _builder_version=\u00bb4.9.10&#8243; _module_preset=\u00bbdefault\u00bb text_font=\u00bb|700|||||||\u00bb text_text_color=\u00bb#000000&#8243; text_font_size=\u00bb42px\u00bb text_line_height=\u00bb1.2em\u00bb text_orientation=\u00bbcenter\u00bb text_font_size_tablet=\u00bb\u00bb text_font_size_phone=\u00bb28px\u00bb text_font_size_last_edited=\u00bbon|phone\u00bb global_colors_info=\u00bb{}\u00bb]\n<p>TRAZABILIDAD<\/p>\n[\/et_pb_text][\/et_pb_column][\/et_pb_row][et_pb_row _builder_version=\u00bb4.9.7&#8243; _module_preset=\u00bbdefault\u00bb][et_pb_column type=\u00bb4_4&#8243; _builder_version=\u00bb4.9.4&#8243; _module_preset=\u00bbdefault\u00bb][et_pb_text _builder_version=\u00bb4.9.10&#8243; _module_preset=\u00bbdefault\u00bb text_font=\u00bb||||||||\u00bb text_text_color=\u00bb#000000&#8243; text_font_size=\u00bb20px\u00bb text_orientation=\u00bbcenter\u00bb hover_enabled=\u00bb0&#8243; global_colors_info=\u00bb{}\u00bb sticky_enabled=\u00bb0&#8243;]\n<div class=\"et_pb_module et_pb_text et_pb_text_21  et_pb_text_align_left et_pb_bg_layout_light\">\n<div class=\"et_pb_text_inner\">\n<p style=\"text-align: center\"><span>Visibilidad de todo el proceso desde el \u00e1rbol hasta nuestro cliente gracias a nuestro sistema de trazabalidad integral<\/span><\/p>\n<\/div>\n<\/div>\n[\/et_pb_text][\/et_pb_column][\/et_pb_row][\/et_pb_section][et_pb_section fb_built=\u00bb1&#8243; _builder_version=\u00bb4.9.4&#8243; _module_preset=\u00bbdefault\u00bb custom_padding=\u00bb3px|||||\u00bb da_disable_devices=\u00bboff|off|off\u00bb da_is_popup=\u00bboff\u00bb da_exit_intent=\u00bboff\u00bb da_has_close=\u00bbon\u00bb da_alt_close=\u00bboff\u00bb da_dark_close=\u00bboff\u00bb da_not_modal=\u00bbon\u00bb da_is_singular=\u00bboff\u00bb da_with_loader=\u00bboff\u00bb da_has_shadow=\u00bbon\u00bb][et_pb_row _builder_version=\u00bb4.9.10&#8243; _module_preset=\u00bbdefault\u00bb width=\u00bb90%\u00bb max_width=\u00bb2560px\u00bb][et_pb_column type=\u00bb4_4&#8243; _builder_version=\u00bb4.9.10&#8243; _module_preset=\u00bbdefault\u00bb][dipl_timeline select_timeline_layout=\u00bbdipl_date_tree\u00bb global_timeline_icon_font_size=\u00bb44px\u00bb timeline_bar_size=\u00bb3px\u00bb timeline_bar_color=\u00bb#000000&#8243; timeline_bar_fill_color=\u00bb#EDF000&#8243; global_timeline_background_color=\u00bb#FFFFFF\u00bb _builder_version=\u00bb4.9.7&#8243; _module_preset=\u00bbdefault\u00bb global_timeline_text_font_size=\u00bb20px\u00bb custom_padding=\u00bb0px|||||\u00bb][dipl_timeline_item timeline_title=\u00bbCampo\u00bb _builder_version=\u00bb4.9.7&#8243; _module_preset=\u00bbdefault\u00bb global_timeline_header_font=\u00bb|700||on|||||\u00bb global_timeline_header_text_align=\u00bbcenter\u00bb global_timeline_header_text_color=\u00bb#000000&#8243; global_timeline_header_font_size=\u00bb30px\u00bb global_timeline_text_text_color=\u00bb#000000&#8243; global_timeline_text_font_size=\u00bb18px\u00bb]\n<p><span style=\"font-weight: 400\"><img loading=\"lazy\" decoding=\"async\" src=\"https:\/\/innoliva.com\/wp-content\/uploads\/2021\/06\/Trazabilidad-Campo.png\" width=\"120\" height=\"120\" alt=\"\" class=\"wp-image-38 alignnone size-full\" style=\"margin-left: auto;margin-right: auto\" srcset=\"https:\/\/innoliva.com\/wp-content\/uploads\/2021\/06\/Trazabilidad-Campo.png 246w, https:\/\/innoliva.com\/wp-content\/uploads\/2021\/06\/Trazabilidad-Campo-100x100.png 100w, https:\/\/innoliva.com\/wp-content\/uploads\/2021\/06\/Trazabilidad-Campo-150x150.png 150w\" sizes=\"(max-width: 120px) 100vw, 120px\" \/><\/span><\/p>\n<p style=\"text-align: center\"><span style=\"font-weight: 400\">Finca de procedencia de la aceituna que ha producido el aceite, unidad de cultivo, tratamientos recibidos por esa aceituna a lo largo del a\u00f1o.<\/span><\/p>\n<p><img loading=\"lazy\" decoding=\"async\" src=\"https:\/\/innoliva.com\/wp-content\/uploads\/2021\/07\/IMG_4135-1-1024x683.jpg\" width=\"1024\" height=\"683\" alt=\"\" class=\"wp-image-1598 aligncenter size-large trazaimg\" srcset=\"https:\/\/innoliva.com\/wp-content\/uploads\/2021\/07\/IMG_4135-1-1024x683.jpg 1024w, https:\/\/innoliva.com\/wp-content\/uploads\/2021\/07\/IMG_4135-1-300x200.jpg 300w, https:\/\/innoliva.com\/wp-content\/uploads\/2021\/07\/IMG_4135-1-768x512.jpg 768w, https:\/\/innoliva.com\/wp-content\/uploads\/2021\/07\/IMG_4135-1-1536x1024.jpg 1536w, https:\/\/innoliva.com\/wp-content\/uploads\/2021\/07\/IMG_4135-1-2048x1365.jpg 2048w, https:\/\/innoliva.com\/wp-content\/uploads\/2021\/07\/IMG_4135-1-1080x720.jpg 1080w, https:\/\/innoliva.com\/wp-content\/uploads\/2021\/07\/IMG_4135-1-1280x854.jpg 1280w, https:\/\/innoliva.com\/wp-content\/uploads\/2021\/07\/IMG_4135-1-980x653.jpg 980w, https:\/\/innoliva.com\/wp-content\/uploads\/2021\/07\/IMG_4135-1-480x320.jpg 480w, https:\/\/innoliva.com\/wp-content\/uploads\/2021\/07\/IMG_4135-1-600x400.jpg 600w\" sizes=\"(max-width: 1024px) 100vw, 1024px\" \/><\/p>\n[\/dipl_timeline_item][dipl_timeline_item timeline_title=\u00bbCosecha\u00bb _builder_version=\u00bb4.9.7&#8243; _module_preset=\u00bbdefault\u00bb global_timeline_header_font=\u00bb|700||on|||||\u00bb global_timeline_header_text_align=\u00bbcenter\u00bb global_timeline_header_text_color=\u00bb#000000&#8243; global_timeline_header_font_size=\u00bb30px\u00bb global_timeline_text_text_color=\u00bb#000000&#8243; global_timeline_text_font_size=\u00bb18px\u00bb]\n<p><span style=\"font-weight: 400\"><img loading=\"lazy\" decoding=\"async\" src=\"https:\/\/innoliva.com\/wp-content\/uploads\/2021\/06\/Trazabilidad-Cosecha-y-molturacion.png\" width=\"120\" height=\"120\" alt=\"\" class=\"wp-image-44 alignnone size-full\" style=\"margin-left: auto;margin-right: auto\" srcset=\"https:\/\/innoliva.com\/wp-content\/uploads\/2021\/06\/Trazabilidad-Cosecha-y-molturacion.png 246w, https:\/\/innoliva.com\/wp-content\/uploads\/2021\/06\/Trazabilidad-Cosecha-y-molturacion-100x100.png 100w, https:\/\/innoliva.com\/wp-content\/uploads\/2021\/06\/Trazabilidad-Cosecha-y-molturacion-150x150.png 150w\" sizes=\"(max-width: 120px) 100vw, 120px\" \/><\/span><\/p>\n<p style=\"text-align: center\"><span style=\"font-weight: 400\">D\u00eda de cosecha de la aceituna, tiempo en llegar a la almazara, transportista de la aceituna.<\/span><\/p>\n<p><img loading=\"lazy\" decoding=\"async\" src=\"https:\/\/innoliva.com\/wp-content\/uploads\/2021\/06\/Innovacion-Portada-1-1024x683.jpg\" width=\"1024\" height=\"683\" alt=\"\" class=\"wp-image-1562 aligncenter size-large trazaimg\" srcset=\"https:\/\/innoliva.com\/wp-content\/uploads\/2021\/06\/Innovacion-Portada-1-1024x683.jpg 1024w, https:\/\/innoliva.com\/wp-content\/uploads\/2021\/06\/Innovacion-Portada-1-300x200.jpg 300w, https:\/\/innoliva.com\/wp-content\/uploads\/2021\/06\/Innovacion-Portada-1-768x512.jpg 768w, https:\/\/innoliva.com\/wp-content\/uploads\/2021\/06\/Innovacion-Portada-1-1536x1024.jpg 1536w, https:\/\/innoliva.com\/wp-content\/uploads\/2021\/06\/Innovacion-Portada-1-2048x1365.jpg 2048w, https:\/\/innoliva.com\/wp-content\/uploads\/2021\/06\/Innovacion-Portada-1-1080x720.jpg 1080w, https:\/\/innoliva.com\/wp-content\/uploads\/2021\/06\/Innovacion-Portada-1-1280x854.jpg 1280w, https:\/\/innoliva.com\/wp-content\/uploads\/2021\/06\/Innovacion-Portada-1-980x653.jpg 980w, https:\/\/innoliva.com\/wp-content\/uploads\/2021\/06\/Innovacion-Portada-1-480x320.jpg 480w, https:\/\/innoliva.com\/wp-content\/uploads\/2021\/06\/Innovacion-Portada-1-600x400.jpg 600w\" sizes=\"(max-width: 1024px) 100vw, 1024px\" \/><\/p>\n[\/dipl_timeline_item][dipl_timeline_item timeline_title=\u00bbMolturaci\u00f3n\u00bb _builder_version=\u00bb4.9.7&#8243; _module_preset=\u00bbdefault\u00bb global_timeline_header_font=\u00bb|700||on|||||\u00bb global_timeline_header_text_align=\u00bbcenter\u00bb global_timeline_header_text_color=\u00bb#000000&#8243; global_timeline_header_font_size=\u00bb30px\u00bb global_timeline_text_text_color=\u00bb#000000&#8243; global_timeline_text_font_size=\u00bb18px\u00bb]\n<p><span style=\"font-weight: 400\"><img loading=\"lazy\" decoding=\"async\" src=\"https:\/\/innoliva.com\/wp-content\/uploads\/2021\/06\/Innoliva_ESGIcons_02Irrigation_Black-300x300.png\" width=\"120\" height=\"120\" alt=\"\" class=\"wp-image-37 alignnone size-medium\" style=\"margin-left: auto;margin-right: auto\" srcset=\"https:\/\/innoliva.com\/wp-content\/uploads\/2021\/06\/Innoliva_ESGIcons_02Irrigation_Black.png 300w, https:\/\/innoliva.com\/wp-content\/uploads\/2021\/06\/Innoliva_ESGIcons_02Irrigation_Black-100x100.png 100w, https:\/\/innoliva.com\/wp-content\/uploads\/2021\/06\/Innoliva_ESGIcons_02Irrigation_Black-150x150.png 150w\" sizes=\"(max-width: 120px) 100vw, 120px\" \/><\/span><\/p>\n<p style=\"text-align: center\"><span style=\"font-weight: 400\">Hora de recepci\u00f3n de la aceituna en la almazara, tiempo en pasar a molturaci\u00f3n, l\u00ednea de molturaci\u00f3n usada y decanter.<\/span><\/p>\n<p><span style=\"font-weight: 400\">\u00a0<img loading=\"lazy\" decoding=\"async\" src=\"https:\/\/innoliva.com\/wp-content\/uploads\/2021\/06\/molturacion.jpg\" width=\"1251\" height=\"851\" alt=\"\" class=\"wp-image-989 alignnone size-full trazaimg\" srcset=\"https:\/\/innoliva.com\/wp-content\/uploads\/2021\/06\/molturacion.jpg 1251w, https:\/\/innoliva.com\/wp-content\/uploads\/2021\/06\/molturacion-980x667.jpg 980w, https:\/\/innoliva.com\/wp-content\/uploads\/2021\/06\/molturacion-480x327.jpg 480w\" sizes=\"(min-width: 0px) and (max-width: 480px) 480px, (min-width: 481px) and (max-width: 980px) 980px, (min-width: 981px) 1251px, 100vw\" \/><\/span><\/p>\n[\/dipl_timeline_item][dipl_timeline_item timeline_title=\u00bbAlmac\u00e9n\u00bb _builder_version=\u00bb4.9.10&#8243; _module_preset=\u00bbdefault\u00bb global_timeline_header_font=\u00bb|700||on|||||\u00bb global_timeline_header_text_align=\u00bbcenter\u00bb global_timeline_header_text_color=\u00bb#000000&#8243; global_timeline_header_font_size=\u00bb27px\u00bb global_timeline_text_text_color=\u00bb#000000&#8243; global_timeline_text_font_size=\u00bb18px\u00bb]\n<p><span style=\"font-weight: 400\"><img loading=\"lazy\" decoding=\"async\" src=\"https:\/\/innoliva.com\/wp-content\/uploads\/2021\/06\/Trazabilidad-Embalaje.png\" width=\"120\" height=\"120\" alt=\"\" class=\"wp-image-45 alignnone size-full\" style=\"margin-left: auto;margin-right: auto\" srcset=\"https:\/\/innoliva.com\/wp-content\/uploads\/2021\/06\/Trazabilidad-Embalaje.png 246w, https:\/\/innoliva.com\/wp-content\/uploads\/2021\/06\/Trazabilidad-Embalaje-100x100.png 100w, https:\/\/innoliva.com\/wp-content\/uploads\/2021\/06\/Trazabilidad-Embalaje-150x150.png 150w\" sizes=\"(max-width: 120px) 100vw, 120px\" \/><\/span><\/p>\n<p style=\"text-align: center\"><span style=\"font-weight: 400\">Dep\u00f3sito donde se almacena el aceite, <\/span><span style=\"font-weight: 400\">condiciones de almacenamiento y trasiegos realizados.<\/span><\/p>\n<p><img loading=\"lazy\" decoding=\"async\" src=\"https:\/\/innoliva.com\/wp-content\/uploads\/2021\/07\/Depositos-1024x683.jpg\" width=\"1024\" height=\"683\" alt=\"\" class=\"wp-image-1603 aligncenter size-large trazaimg\" srcset=\"https:\/\/innoliva.com\/wp-content\/uploads\/2021\/07\/Depositos-1024x683.jpg 1024w, https:\/\/innoliva.com\/wp-content\/uploads\/2021\/07\/Depositos-300x200.jpg 300w, https:\/\/innoliva.com\/wp-content\/uploads\/2021\/07\/Depositos-768x512.jpg 768w, https:\/\/innoliva.com\/wp-content\/uploads\/2021\/07\/Depositos-1536x1024.jpg 1536w, https:\/\/innoliva.com\/wp-content\/uploads\/2021\/07\/Depositos-2048x1365.jpg 2048w, https:\/\/innoliva.com\/wp-content\/uploads\/2021\/07\/Depositos-1080x720.jpg 1080w, https:\/\/innoliva.com\/wp-content\/uploads\/2021\/07\/Depositos-1280x854.jpg 1280w, https:\/\/innoliva.com\/wp-content\/uploads\/2021\/07\/Depositos-980x653.jpg 980w, https:\/\/innoliva.com\/wp-content\/uploads\/2021\/07\/Depositos-480x320.jpg 480w, https:\/\/innoliva.com\/wp-content\/uploads\/2021\/07\/Depositos-600x400.jpg 600w\" sizes=\"(max-width: 1024px) 100vw, 1024px\" \/><\/p>\n[\/dipl_timeline_item][\/dipl_timeline][\/et_pb_column][\/et_pb_row][\/et_pb_section]\n","protected":false},"excerpt":{"rendered":"<p>TRAZABILIDAD Visibilidad de todo el proceso desde el \u00e1rbol hasta nuestro cliente gracias a nuestro sistema de trazabalidad integral <div class=\"et_pb_module dipl_timeline dipl_timeline_0\">\n\t\t\t\t\n\t\t\t\t\n\t\t\t\t\n\t\t\t\t\n\t\t\t\t\n\t\t\t\t\n\t\t\t\t<div class=\"et_pb_module_inner\">\n\t\t\t\t\t<div class=\"dipl_timeline_alternate\"><div class=\"dipl_timeline_wrapper\">\n                            \n                        <\/div><div class=\"dipl_timeline_alternate_stem dipl_date_tree_stem\"><div class=\"dipl_stem_wrapper\"><div class=\"dipl_stem\"><\/div><\/div><\/div><\/div>\n\t\t\t\t<\/div>\n\t\t\t<\/div><div class=\"et_pb_module dipl_timeline_item dipl_timeline_item_0\">\n\t\t\t\t<div class=\"dipl_date_tree dipl_timeline_item_wrapper\">       \n                                <div class=\"dipl_stem_center\"><div class=\"dipl_time_wrapper\"><\/div><\/div>\n                                <div class=\"dipl_item_content\">\n                                \t<div class=\"dipl_item_content_inner\">\n\t                                    \n\t                                    <h3 class=\"dipl_item_title\">Campo<\/h3>\n\t                                    \n\t                                    <span class=\"dipl_triangle\"><\/span>\n\t                                <\/div>\n                                <\/div>\n                                <div class=\"dipl_date_container\"><\/div>\n                            <\/div>\n\t\t\t<\/div> Finca de procedencia de la aceituna que ha producido el aceite, unidad de cultivo, tratamientos recibidos [&hellip;]<\/p>\n","protected":false},"author":1,"featured_media":46,"parent":0,"menu_order":0,"comment_status":"closed","ping_status":"closed","template":"","meta":{"_et_pb_use_builder":"on","_et_pb_old_content":"","_et_gb_content_width":"","footnotes":""},"class_list":["post-376","page","type-page","status-publish","has-post-thumbnail","hentry"],"aioseo_notices":[],"jetpack_sharing_enabled":true,"_links":{"self":[{"href":"https:\/\/innoliva.com\/en\/wp-json\/wp\/v2\/pages\/376","targetHints":{"allow":["GET"]}}],"collection":[{"href":"https:\/\/innoliva.com\/en\/wp-json\/wp\/v2\/pages"}],"about":[{"href":"https:\/\/innoliva.com\/en\/wp-json\/wp\/v2\/types\/page"}],"author":[{"embeddable":true,"href":"https:\/\/innoliva.com\/en\/wp-json\/wp\/v2\/users\/1"}],"replies":[{"embeddable":true,"href":"https:\/\/innoliva.com\/en\/wp-json\/wp\/v2\/comments?post=376"}],"version-history":[{"count":40,"href":"https:\/\/innoliva.com\/en\/wp-json\/wp\/v2\/pages\/376\/revisions"}],"predecessor-version":[{"id":3349,"href":"https:\/\/innoliva.com\/en\/wp-json\/wp\/v2\/pages\/376\/revisions\/3349"}],"wp:featuredmedia":[{"embeddable":true,"href":"https:\/\/innoliva.com\/en\/wp-json\/wp\/v2\/media\/46"}],"wp:attachment":[{"href":"https:\/\/innoliva.com\/en\/wp-json\/wp\/v2\/media?parent=376"}],"curies":[{"name":"wp","href":"https:\/\/api.w.org\/{rel}","templated":true}]}}