{"id":392,"date":"2021-06-09T09:30:04","date_gmt":"2021-06-09T09:30:04","guid":{"rendered":"https:\/\/pruebas.evernes.com\/innoliva\/?page_id=392"},"modified":"2023-10-04T10:35:05","modified_gmt":"2023-10-04T10:35:05","slug":"servicios","status":"publish","type":"page","link":"https:\/\/innoliva.com\/en\/servicios\/","title":{"rendered":"SERVICES"},"content":{"rendered":"[et_pb_section fb_built=\u00bb1&#8243; disabled_on=\u00bboff|off|off\u00bb admin_label=\u00bbSection\u00bb _builder_version=\u00bb4.16&#8243; _module_preset=\u00bbdefault\u00bb background_color=\u00bb#dedc1d\u00bb background_image=\u00bbhttps:\/\/innoliva.com\/wp-content\/uploads\/2021\/06\/Diseno-sin-titulo-21.jpg\u00bb height=\u00bb240px\u00bb height_tablet=\u00bb\u00bb height_phone=\u00bb\u00bb height_last_edited=\u00bbon|desktop\u00bb custom_padding=\u00bb0px||0px||true|\u00bb da_disable_devices=\u00bboff|off|off\u00bb global_colors_info=\u00bb{}\u00bb da_is_popup=\u00bboff\u00bb da_exit_intent=\u00bboff\u00bb da_has_close=\u00bbon\u00bb da_alt_close=\u00bboff\u00bb da_dark_close=\u00bboff\u00bb da_not_modal=\u00bbon\u00bb da_is_singular=\u00bboff\u00bb da_with_loader=\u00bboff\u00bb da_has_shadow=\u00bbon\u00bb][et_pb_row _builder_version=\u00bb4.16&#8243; _module_preset=\u00bbdefault\u00bb custom_padding=\u00bb39px|||||\u00bb global_colors_info=\u00bb{}\u00bb][et_pb_column type=\u00bb4_4&#8243; _builder_version=\u00bb4.16&#8243; _module_preset=\u00bbdefault\u00bb global_colors_info=\u00bb{}\u00bb][et_pb_text _builder_version=\u00bb4.16&#8243; _module_preset=\u00bbdefault\u00bb text_font=\u00bb|700|||||||\u00bb text_text_color=\u00bb#000000&#8243; text_font_size=\u00bb42px\u00bb text_line_height=\u00bb1.2em\u00bb text_orientation=\u00bbcenter\u00bb text_font_size_tablet=\u00bb\u00bb text_font_size_phone=\u00bb35px\u00bb text_font_size_last_edited=\u00bbon|phone\u00bb global_colors_info=\u00bb{}\u00bb]\n<p>SERVICIOS<\/p>\n[\/et_pb_text][\/et_pb_column][\/et_pb_row][et_pb_row _builder_version=\u00bb4.16&#8243; _module_preset=\u00bbdefault\u00bb global_colors_info=\u00bb{}\u00bb][et_pb_column type=\u00bb4_4&#8243; _builder_version=\u00bb4.16&#8243; _module_preset=\u00bbdefault\u00bb global_colors_info=\u00bb{}\u00bb][et_pb_text _builder_version=\u00bb4.16&#8243; _module_preset=\u00bbdefault\u00bb text_font=\u00bb||||||||\u00bb text_text_color=\u00bb#000000&#8243; text_font_size=\u00bb20px\u00bb text_orientation=\u00bbcenter\u00bb global_colors_info=\u00bb{}\u00bb]\n<p>Todo el equipo, conocimiento, experiencia, dimensi\u00f3n y excelencia de Innoliva en todos los eslabones de la producci\u00f3n y comercializaci\u00f3n del aceite de oliva virgen extra al servicio del agricultor y del inversor.<\/p>\n[\/et_pb_text][\/et_pb_column][\/et_pb_row][\/et_pb_section][et_pb_section fb_built=\u00bb1&#8243; _builder_version=\u00bb4.16&#8243; _module_preset=\u00bbdefault\u00bb custom_padding=\u00bb26px|||||\u00bb da_disable_devices=\u00bboff|off|off\u00bb global_colors_info=\u00bb{}\u00bb da_is_popup=\u00bboff\u00bb da_exit_intent=\u00bboff\u00bb da_has_close=\u00bbon\u00bb da_alt_close=\u00bboff\u00bb da_dark_close=\u00bboff\u00bb da_not_modal=\u00bbon\u00bb da_is_singular=\u00bboff\u00bb da_with_loader=\u00bboff\u00bb da_has_shadow=\u00bbon\u00bb][et_pb_row _builder_version=\u00bb4.16&#8243; _module_preset=\u00bbdefault\u00bb use_background_color_gradient=\u00bbon\u00bb background_color_gradient_direction=\u00bb360deg\u00bb background_color_gradient_stops=\u00bbrgba(0,0,0,0.5) 0%|rgba(41,196,169,0) 63%\u00bb background_color_gradient_start=\u00bbrgba(0,0,0,0.5)\u00bb background_color_gradient_end=\u00bbrgba(41,196,169,0)\u00bb background_color_gradient_end_position=\u00bb63%\u00bb background_image=\u00bbhttps:\/\/innoliva.com\/wp-content\/uploads\/2021\/06\/IMG_5808-scaled.jpg\u00bb background_blend=\u00bbmultiply\u00bb width_tablet=\u00bb\u00bb width_phone=\u00bb90%\u00bb width_last_edited=\u00bbon|phone\u00bb custom_margin=\u00bb30px||24px||false|false\u00bb custom_margin_phone=\u00bb30px||||false|false\u00bb custom_margin_last_edited=\u00bboff|phone\u00bb custom_padding=\u00bb||16px||false|false\u00bb animation_style=\u00bbslide\u00bb animation_direction=\u00bbright\u00bb link_option_url=\u00bbhttps:\/\/innoliva.com\/innoliva-plantacion\/\u00bb background_color_phone=\u00bbrgba(0,0,0,0.45)\u00bb background_last_edited=\u00bbon|phone\u00bb background_enable_color_phone=\u00bbon\u00bb use_background_color_gradient_tablet=\u00bbon\u00bb use_background_color_gradient_phone=\u00bboff\u00bb background_color_gradient_stops_tablet=\u00bbrgba(0,0,0,0.71) 0%|rgba(6,33,30,0.24) 63%\u00bb background_color_gradient_start_tablet=\u00bbrgba(0,0,0,0.71)\u00bb background_color_gradient_end_tablet=\u00bbrgba(6,33,30,0.24)\u00bb border_radii=\u00bbon|16px|16px|16px|16px\u00bb box_shadow_style=\u00bbpreset3&#8243; global_colors_info=\u00bb{}\u00bb][et_pb_column type=\u00bb4_4&#8243; _builder_version=\u00bb4.16&#8243; _module_preset=\u00bbdefault\u00bb global_colors_info=\u00bb{}\u00bb][et_pb_text ul_type_phone=\u00bbdisc\u00bb ul_type_last_edited=\u00bboff|phone\u00bb ul_position_tablet=\u00bbinside\u00bb ul_position_phone=\u00bbinside\u00bb ul_position_last_edited=\u00bbon|phone\u00bb _builder_version=\u00bb4.16&#8243; _module_preset=\u00bbdefault\u00bb text_text_color=\u00bb#FFFFFF\u00bb ul_font_size=\u00bb18px\u00bb header_text_align=\u00bbleft\u00bb header_2_font_size=\u00bb30px\u00bb width_tablet=\u00bb80%\u00bb width_phone=\u00bb\u00bb width_last_edited=\u00bbon|tablet\u00bb custom_margin=\u00bb233px||30px||false|false\u00bb custom_margin_tablet=\u00bb\u00bb custom_margin_phone=\u00bb140px||30px||false|false\u00bb custom_margin_last_edited=\u00bbon|phone\u00bb custom_padding=\u00bb|18px||18px|false|true\u00bb ul_text_align_tablet=\u00bbleft\u00bb ul_text_align_phone=\u00bb\u00bb ul_text_align_last_edited=\u00bbon|phone\u00bb ul_font_size_last_edited=\u00bboff|phone\u00bb ul_letter_spacing_last_edited=\u00bboff|phone\u00bb header_2_text_align_tablet=\u00bbcenter\u00bb header_2_text_align_phone=\u00bbcenter\u00bb header_2_text_align_last_edited=\u00bbon|phone\u00bb module_alignment_tablet=\u00bbcenter\u00bb module_alignment_phone=\u00bb\u00bb module_alignment_last_edited=\u00bbon|tablet\u00bb global_colors_info=\u00bb{}\u00bb width__hover_enabled=\u00bboff|desktop\u00bb]\n<h2><strong><span style=\"color: #ffffff\">INNOLIVA PLANTACI\u00d3N<\/span><\/strong><\/h2>\n<ul>\n<li><span style=\"font-weight: 400\">Plantaci\u00f3n llave en mano<\/span><\/li>\n<li><span style=\"font-weight: 400\">Estudios previos<\/span><\/li>\n<li><span style=\"font-weight: 400\">Dise\u00f1o de plantaci\u00f3n<\/span><\/li>\n<li><span style=\"font-weight: 400\">Preparaci\u00f3n del terreno<\/span><\/li>\n<li><span style=\"font-weight: 400\">Dise\u00f1o e instalaci\u00f3n de sistema de riego y drenajes<\/span><\/li>\n<\/ul>\n[\/et_pb_text][et_pb_button button_url=\u00bbhttps:\/\/innoliva.com\/innoliva-plantacion\/\u00bb button_text=\u00bbVer m\u00e1s sobre Innoliva Plantaci\u00f3n\u00bb button_alignment_tablet=\u00bbcenter\u00bb button_alignment_phone=\u00bbcenter\u00bb button_alignment_last_edited=\u00bbon|phone\u00bb _builder_version=\u00bb4.16&#8243; _module_preset=\u00bbdefault\u00bb custom_button=\u00bbon\u00bb button_text_size=\u00bb16px\u00bb button_text_color=\u00bb#000000&#8243; button_bg_color=\u00bb#dfdc1d\u00bb custom_margin=\u00bb-20px||18px|24px|false|false\u00bb custom_margin_tablet=\u00bb\u00bb custom_margin_phone=\u00bb10px||140px|0px|false|false\u00bb custom_margin_last_edited=\u00bbon|phone\u00bb custom_padding=\u00bb|28px|||false|false\u00bb animation_style=\u00bbbounce\u00bb button_on_hover_tablet=\u00bb\u00bb button_on_hover_phone=\u00bboff\u00bb button_on_hover_last_edited=\u00bbon|phone\u00bb global_colors_info=\u00bb{}\u00bb][\/et_pb_button][\/et_pb_column][\/et_pb_row][et_pb_row _builder_version=\u00bb4.16&#8243; _module_preset=\u00bbdefault\u00bb use_background_color_gradient=\u00bbon\u00bb background_color_gradient_direction=\u00bb360deg\u00bb background_color_gradient_stops=\u00bbrgba(0,0,0,0.75) 0%|rgba(41,196,169,0) 75%\u00bb background_color_gradient_start=\u00bbrgba(0,0,0,0.75)\u00bb background_color_gradient_end=\u00bbrgba(41,196,169,0)\u00bb background_color_gradient_end_position=\u00bb75%\u00bb background_image=\u00bbhttps:\/\/innoliva.com\/wp-content\/uploads\/2021\/06\/Innoliva_Innovation_18.jpg\u00bb background_blend=\u00bbmultiply\u00bb width_tablet=\u00bb\u00bb width_phone=\u00bb90%\u00bb width_last_edited=\u00bbon|phone\u00bb custom_margin=\u00bb||24px||false|false\u00bb custom_padding=\u00bb||16px||false|false\u00bb animation_style=\u00bbslide\u00bb animation_direction=\u00bbright\u00bb link_option_url=\u00bbhttps:\/\/innoliva.com\/innoliva-servicios\/\u00bb background_color_phone=\u00bbrgba(0,0,0,0.45)\u00bb background_last_edited=\u00bbon|phone\u00bb background_enable_color_phone=\u00bbon\u00bb use_background_color_gradient_tablet=\u00bbon\u00bb use_background_color_gradient_phone=\u00bboff\u00bb background_color_gradient_stops_tablet=\u00bbrgba(0,0,0,0.71) 0%|rgba(6,33,30,0.24) 75%\u00bb background_color_gradient_start_tablet=\u00bbrgba(0,0,0,0.71)\u00bb background_color_gradient_end_tablet=\u00bbrgba(6,33,30,0.24)\u00bb border_radii=\u00bbon|16px|16px|16px|16px\u00bb box_shadow_style=\u00bbpreset3&#8243; global_colors_info=\u00bb{}\u00bb][et_pb_column type=\u00bb4_4&#8243; _builder_version=\u00bb4.16&#8243; _module_preset=\u00bbdefault\u00bb global_colors_info=\u00bb{}\u00bb][et_pb_text ul_position_tablet=\u00bbinside\u00bb ul_position_phone=\u00bbinside\u00bb ul_position_last_edited=\u00bbon|phone\u00bb _builder_version=\u00bb4.16&#8243; _module_preset=\u00bbdefault\u00bb text_text_color=\u00bb#FFFFFF\u00bb ul_font_size=\u00bb18px\u00bb header_text_align=\u00bbleft\u00bb header_2_font_size=\u00bb30px\u00bb width_tablet=\u00bb80%\u00bb width_phone=\u00bb\u00bb width_last_edited=\u00bbon|tablet\u00bb custom_margin=\u00bb233px||||false|false\u00bb custom_margin_tablet=\u00bb\u00bb custom_margin_phone=\u00bb140px||||false|false\u00bb custom_margin_last_edited=\u00bbon|phone\u00bb custom_padding=\u00bb|18px||18px|false|true\u00bb ul_text_align_tablet=\u00bb\u00bb ul_text_align_phone=\u00bbleft\u00bb ul_text_align_last_edited=\u00bbon|phone\u00bb header_2_text_align_tablet=\u00bbcenter\u00bb header_2_text_align_phone=\u00bbcenter\u00bb header_2_text_align_last_edited=\u00bbon|phone\u00bb module_alignment_tablet=\u00bbcenter\u00bb module_alignment_phone=\u00bb\u00bb module_alignment_last_edited=\u00bbon|tablet\u00bb global_colors_info=\u00bb{}\u00bb]\n<h2><strong><span style=\"color: #ffffff\">INNOLIVA SERVICIOS<\/span><\/strong><\/h2>\n<ul>\n<li><span style=\"font-weight: 400;color: #ffffff\">Gesti\u00f3n integral de fincas<\/span><\/li>\n<li><span style=\"font-weight: 400;color: #ffffff\">Asesoramiento t\u00e9cnico<\/span><\/li>\n<li><span style=\"font-weight: 400;color: #ffffff\">Recolecci\u00f3n con cabalgadoras<\/span><\/li>\n<li><span style=\"font-weight: 400;color: #ffffff\">Molturaci\u00f3n<\/span><\/li>\n<li><span style=\"font-weight: 400;color: #ffffff\">Comercializaci\u00f3n de aceite<\/span><\/li>\n<\/ul>\n[\/et_pb_text][et_pb_button button_url=\u00bbhttps:\/\/innoliva.com\/innoliva-servicios\/\u00bb button_text=\u00bbVer m\u00e1s sobre Innoliva Servicios\u00bb button_alignment_tablet=\u00bbcenter\u00bb button_alignment_phone=\u00bbcenter\u00bb button_alignment_last_edited=\u00bbon|phone\u00bb _builder_version=\u00bb4.16&#8243; _module_preset=\u00bbdefault\u00bb custom_button=\u00bbon\u00bb button_text_size=\u00bb16px\u00bb button_text_color=\u00bb#000000&#8243; button_bg_color=\u00bb#dfdc1d\u00bb custom_margin=\u00bb-20px||18px|24px|false|false\u00bb custom_margin_tablet=\u00bb\u00bb custom_margin_phone=\u00bb10px||140px|0px|false|false\u00bb custom_margin_last_edited=\u00bbon|phone\u00bb custom_padding=\u00bb|28px|||false|false\u00bb animation_style=\u00bbbounce\u00bb button_on_hover_tablet=\u00bb\u00bb button_on_hover_phone=\u00bboff\u00bb button_on_hover_last_edited=\u00bbon|phone\u00bb global_colors_info=\u00bb{}\u00bb][\/et_pb_button][\/et_pb_column][\/et_pb_row][et_pb_row _builder_version=\u00bb4.22.2&#8243; _module_preset=\u00bbdefault\u00bb use_background_color_gradient=\u00bbon\u00bb background_color_gradient_direction=\u00bb360deg\u00bb background_color_gradient_stops=\u00bbrgba(0,0,0,0.5) 0%|rgba(41,196,169,0) 63%\u00bb background_color_gradient_start=\u00bbrgba(0,0,0,0.5)\u00bb background_color_gradient_end=\u00bbrgba(41,196,169,0)\u00bb background_color_gradient_end_position=\u00bb63%\u00bb background_image=\u00bbhttps:\/\/innoliva.com\/wp-content\/uploads\/2021\/06\/Screenshot_4.png\u00bb background_blend=\u00bbmultiply\u00bb width_tablet=\u00bb\u00bb width_phone=\u00bb90%\u00bb width_last_edited=\u00bbon|phone\u00bb custom_margin=\u00bb||24px||false|false\u00bb custom_padding=\u00bb||16px||false|false\u00bb animation_style=\u00bbslide\u00bb animation_direction=\u00bbright\u00bb link_option_url=\u00bbhttps:\/\/innoliva.com\/inversores\/\u00bb hover_enabled=\u00bb0&#8243; background_color_phone=\u00bbrgba(0,0,0,0.45)\u00bb background_last_edited=\u00bbon|phone\u00bb background_enable_color_phone=\u00bbon\u00bb use_background_color_gradient_tablet=\u00bbon\u00bb use_background_color_gradient_phone=\u00bboff\u00bb background_color_gradient_stops_tablet=\u00bbrgba(0,0,0,0.71) 0%|rgba(6,33,30,0.24) 63%\u00bb background_color_gradient_start_tablet=\u00bbrgba(0,0,0,0.71)\u00bb background_color_gradient_end_tablet=\u00bbrgba(6,33,30,0.24)\u00bb border_radii=\u00bbon|16px|16px|16px|16px\u00bb box_shadow_style=\u00bbpreset3&#8243; global_colors_info=\u00bb{}\u00bb disabled_on=\u00bbon|on|on\u00bb disabled=\u00bbon\u00bb sticky_enabled=\u00bb0&#8243;][et_pb_column type=\u00bb4_4&#8243; _builder_version=\u00bb4.16&#8243; _module_preset=\u00bbdefault\u00bb global_colors_info=\u00bb{}\u00bb][et_pb_text _builder_version=\u00bb4.16&#8243; _module_preset=\u00bbdefault\u00bb text_text_color=\u00bb#FFFFFF\u00bb header_text_align=\u00bbleft\u00bb header_2_font_size=\u00bb30px\u00bb custom_margin=\u00bb308px||||false|false\u00bb custom_margin_tablet=\u00bb\u00bb custom_margin_phone=\u00bb140px||||false|false\u00bb custom_margin_last_edited=\u00bbon|phone\u00bb custom_padding=\u00bb|18px||18px|false|true\u00bb header_2_text_align_tablet=\u00bbcenter\u00bb header_2_text_align_phone=\u00bbcenter\u00bb header_2_text_align_last_edited=\u00bbon|phone\u00bb global_colors_info=\u00bb{}\u00bb]\n<h2><strong><span style=\"color: #ffffff\">INVERSORES<\/span><\/strong><\/h2>\n[\/et_pb_text][et_pb_button button_url=\u00bbhttps:\/\/innoliva.com\/inversores\/\u00bb button_text=\u00bbVer m\u00e1s sobre Inversores\u00bb button_alignment_tablet=\u00bbcenter\u00bb button_alignment_phone=\u00bbcenter\u00bb button_alignment_last_edited=\u00bbon|phone\u00bb _builder_version=\u00bb4.16&#8243; _module_preset=\u00bbdefault\u00bb custom_button=\u00bbon\u00bb button_text_size=\u00bb16px\u00bb button_text_color=\u00bb#000000&#8243; button_bg_color=\u00bb#dfdc1d\u00bb custom_margin=\u00bb-20px||18px|24px|false|false\u00bb custom_margin_tablet=\u00bb\u00bb custom_margin_phone=\u00bb10px||140px|0px|false|false\u00bb custom_margin_last_edited=\u00bbon|phone\u00bb custom_padding=\u00bb|28px|||false|false\u00bb animation_style=\u00bbbounce\u00bb button_on_hover_tablet=\u00bb\u00bb button_on_hover_phone=\u00bboff\u00bb button_on_hover_last_edited=\u00bbon|phone\u00bb global_colors_info=\u00bb{}\u00bb][\/et_pb_button][\/et_pb_column][\/et_pb_row][\/et_pb_section]\n","protected":false},"excerpt":{"rendered":"<p>SERVICIOSTodo el equipo, conocimiento, experiencia, dimensi\u00f3n y excelencia de Innoliva en todos los eslabones de la producci\u00f3n y comercializaci\u00f3n del aceite de oliva virgen extra al servicio del agricultor y del inversor.INNOLIVA PLANTACI\u00d3N Plantaci\u00f3n llave en mano Estudios previos Dise\u00f1o de plantaci\u00f3n Preparaci\u00f3n del terreno Dise\u00f1o e instalaci\u00f3n de sistema de riego y drenajes INNOLIVA [&hellip;]<\/p>\n","protected":false},"author":1,"featured_media":47,"parent":0,"menu_order":0,"comment_status":"closed","ping_status":"closed","template":"","meta":{"_et_pb_use_builder":"on","_et_pb_old_content":"","_et_gb_content_width":"","footnotes":""},"class_list":["post-392","page","type-page","status-publish","has-post-thumbnail","hentry"],"aioseo_notices":[],"jetpack_sharing_enabled":true,"_links":{"self":[{"href":"https:\/\/innoliva.com\/en\/wp-json\/wp\/v2\/pages\/392","targetHints":{"allow":["GET"]}}],"collection":[{"href":"https:\/\/innoliva.com\/en\/wp-json\/wp\/v2\/pages"}],"about":[{"href":"https:\/\/innoliva.com\/en\/wp-json\/wp\/v2\/types\/page"}],"author":[{"embeddable":true,"href":"https:\/\/innoliva.com\/en\/wp-json\/wp\/v2\/users\/1"}],"replies":[{"embeddable":true,"href":"https:\/\/innoliva.com\/en\/wp-json\/wp\/v2\/comments?post=392"}],"version-history":[{"count":40,"href":"https:\/\/innoliva.com\/en\/wp-json\/wp\/v2\/pages\/392\/revisions"}],"predecessor-version":[{"id":3673,"href":"https:\/\/innoliva.com\/en\/wp-json\/wp\/v2\/pages\/392\/revisions\/3673"}],"wp:featuredmedia":[{"embeddable":true,"href":"https:\/\/innoliva.com\/en\/wp-json\/wp\/v2\/media\/47"}],"wp:attachment":[{"href":"https:\/\/innoliva.com\/en\/wp-json\/wp\/v2\/media?parent=392"}],"curies":[{"name":"wp","href":"https:\/\/api.w.org\/{rel}","templated":true}]}}