{"id":398,"date":"2021-06-09T10:02:51","date_gmt":"2021-06-09T10:02:51","guid":{"rendered":"https:\/\/pruebas.evernes.com\/innoliva\/?page_id=398"},"modified":"2022-02-18T05:06:53","modified_gmt":"2022-02-18T05:06:53","slug":"innoliva-plantacion","status":"publish","type":"page","link":"https:\/\/innoliva.com\/en\/innoliva-plantacion\/","title":{"rendered":"Innoliva Plantation"},"content":{"rendered":"[et_pb_section fb_built=\u00bb1&#8243; disabled_on=\u00bboff|off|off\u00bb admin_label=\u00bbSection\u00bb _builder_version=\u00bb4.9.10&#8243; _module_preset=\u00bbdefault\u00bb background_color=\u00bb#dedc1d\u00bb background_image=\u00bbhttps:\/\/innoliva.com\/wp-content\/uploads\/2021\/06\/Diseno-sin-titulo-21.jpg\u00bb height=\u00bb240px\u00bb height_tablet=\u00bb\u00bb height_phone=\u00bb\u00bb height_last_edited=\u00bbon|desktop\u00bb custom_padding=\u00bb0px||280px||false|false\u00bb hover_enabled=\u00bb0&#8243; da_disable_devices=\u00bboff|off|off\u00bb sticky_enabled=\u00bb0&#8243; custom_padding_last_edited=\u00bbon|tablet\u00bb custom_padding_phone=\u00bb0px||20px||false|false\u00bb custom_padding_tablet=\u00bb||20px||false|false\u00bb da_is_popup=\u00bboff\u00bb da_exit_intent=\u00bboff\u00bb da_has_close=\u00bbon\u00bb da_alt_close=\u00bboff\u00bb da_dark_close=\u00bboff\u00bb da_not_modal=\u00bbon\u00bb da_is_singular=\u00bboff\u00bb da_with_loader=\u00bboff\u00bb da_has_shadow=\u00bbon\u00bb][et_pb_row _builder_version=\u00bb4.9.7&#8243; _module_preset=\u00bbdefault\u00bb custom_padding=\u00bb39px|||||\u00bb][et_pb_column type=\u00bb4_4&#8243; _builder_version=\u00bb4.9.4&#8243; _module_preset=\u00bbdefault\u00bb][et_pb_text _builder_version=\u00bb4.9.7&#8243; _module_preset=\u00bbdefault\u00bb text_font=\u00bb|700|||||||\u00bb text_text_color=\u00bb#000000&#8243; text_font_size=\u00bb42px\u00bb text_line_height=\u00bb1.2em\u00bb text_orientation=\u00bbcenter\u00bb text_font_size_tablet=\u00bb\u00bb text_font_size_phone=\u00bb35px\u00bb text_font_size_last_edited=\u00bbon|phone\u00bb global_colors_info=\u00bb{}\u00bb]\n<p>INNOLIVA PLANTACI\u00d3N<\/p>\n[\/et_pb_text][\/et_pb_column][\/et_pb_row][et_pb_row _builder_version=\u00bb4.9.10&#8243; _module_preset=\u00bbdefault\u00bb hover_enabled=\u00bb0&#8243; sticky_enabled=\u00bb0&#8243;][et_pb_column type=\u00bb4_4&#8243; _builder_version=\u00bb4.9.4&#8243; _module_preset=\u00bbdefault\u00bb][et_pb_text _builder_version=\u00bb4.9.10&#8243; _module_preset=\u00bbdefault\u00bb text_font=\u00bb||||||||\u00bb text_text_color=\u00bb#000000&#8243; text_font_size=\u00bb20px\u00bb text_orientation=\u00bbcenter\u00bb hover_enabled=\u00bb0&#8243; global_colors_info=\u00bb{}\u00bb custom_margin=\u00bb||||false|false\u00bb sticky_enabled=\u00bb0&#8243;]\n<p>En Innoliva fuimos pioneros en la plantaci\u00f3n del olivar en seto y contamos con a\u00f1os de experiencia en la transformaci\u00f3n de fincas. Contamos con todos los recursos y el mejor conocimiento para llevar a cabo la transformaci\u00f3n de su finca maximizando su productividad y minimizando la inversi\u00f3n necesaria.<\/p>\n[\/et_pb_text][\/et_pb_column][\/et_pb_row][\/et_pb_section][et_pb_section fb_built=\u00bb1&#8243; _builder_version=\u00bb4.9.7&#8243; _module_preset=\u00bbdefault\u00bb custom_padding=\u00bb26px|||||\u00bb da_disable_devices=\u00bboff|off|off\u00bb da_is_popup=\u00bboff\u00bb da_exit_intent=\u00bboff\u00bb da_has_close=\u00bbon\u00bb da_alt_close=\u00bboff\u00bb da_dark_close=\u00bboff\u00bb da_not_modal=\u00bbon\u00bb da_is_singular=\u00bboff\u00bb da_with_loader=\u00bboff\u00bb da_has_shadow=\u00bbon\u00bb][et_pb_row _builder_version=\u00bb4.9.7&#8243; _module_preset=\u00bbdefault\u00bb use_background_color_gradient=\u00bbon\u00bb background_color_gradient_start=\u00bbrgba(0,0,0,0.5)\u00bb background_color_gradient_end=\u00bbrgba(41,196,169,0)\u00bb background_color_gradient_direction=\u00bb360deg\u00bb background_color_gradient_end_position=\u00bb63%\u00bb background_image=\u00bbhttps:\/\/innoliva.com\/wp-content\/uploads\/2021\/06\/WhatsApp-Image-2021-03-03-at-16.38.23-9.jpeg\u00bb background_blend=\u00bbmultiply\u00bb width_tablet=\u00bb\u00bb width_phone=\u00bb90%\u00bb width_last_edited=\u00bbon|phone\u00bb custom_margin=\u00bb20px||24px||false|false\u00bb custom_padding=\u00bb||16px||false|false\u00bb animation_style=\u00bbslide\u00bb animation_direction=\u00bbright\u00bb background_color_phone=\u00bbrgba(0,0,0,0.45)\u00bb background_last_edited=\u00bbon|phone\u00bb background_enable_color_phone=\u00bbon\u00bb use_background_color_gradient_tablet=\u00bbon\u00bb use_background_color_gradient_phone=\u00bboff\u00bb background_color_gradient_start_tablet=\u00bbrgba(0,0,0,0.71)\u00bb background_color_gradient_end_tablet=\u00bbrgba(6,33,30,0.24)\u00bb border_radii=\u00bbon|16px|16px|16px|16px\u00bb box_shadow_style=\u00bbpreset3&#8243;][et_pb_column type=\u00bb4_4&#8243; _builder_version=\u00bb4.9.4&#8243; _module_preset=\u00bbdefault\u00bb][et_pb_text _builder_version=\u00bb4.9.7&#8243; _module_preset=\u00bbdefault\u00bb text_text_color=\u00bb#FFFFFF\u00bb text_font_size=\u00bb18px\u00bb header_text_align=\u00bbleft\u00bb header_2_font=\u00bb|||on|||||\u00bb header_2_font_size=\u00bb30px\u00bb text_orientation=\u00bbjustified\u00bb custom_margin=\u00bb342px||||false|false\u00bb custom_margin_tablet=\u00bb\u00bb custom_margin_phone=\u00bb140px||140px||true|false\u00bb custom_margin_last_edited=\u00bbon|phone\u00bb custom_padding=\u00bb|18px||18px|false|true\u00bb header_2_text_align_tablet=\u00bbcenter\u00bb header_2_text_align_phone=\u00bbcenter\u00bb header_2_text_align_last_edited=\u00bbon|phone\u00bb text_orientation_tablet=\u00bbcenter\u00bb text_orientation_phone=\u00bbcenter\u00bb text_orientation_last_edited=\u00bbon|desktop\u00bb]\n<h2><span style=\"color: #ffffff\"><strong>Plantaci\u00f3n llave en mano<\/strong><\/span><\/h2>\n<p><span style=\"font-weight: 400;color: #ffffff\">Gesti\u00f3n integral del proceso de transformaci\u00f3n y plantaci\u00f3n de fincas.<\/span><\/p>\n[\/et_pb_text][\/et_pb_column][\/et_pb_row][et_pb_row _builder_version=\u00bb4.9.7&#8243; _module_preset=\u00bbdefault\u00bb use_background_color_gradient=\u00bbon\u00bb background_color_gradient_start=\u00bbrgba(0,0,0,0.5)\u00bb background_color_gradient_end=\u00bbrgba(41,196,169,0)\u00bb background_color_gradient_direction=\u00bb360deg\u00bb background_color_gradient_end_position=\u00bb63%\u00bb background_image=\u00bbhttps:\/\/innoliva.com\/wp-content\/uploads\/2021\/06\/IMG_4445-scaled.jpg\u00bb background_blend=\u00bbmultiply\u00bb width_tablet=\u00bb\u00bb width_phone=\u00bb90%\u00bb width_last_edited=\u00bbon|phone\u00bb custom_margin=\u00bb||24px||false|false\u00bb custom_padding=\u00bb||16px||false|false\u00bb animation_style=\u00bbslide\u00bb animation_direction=\u00bbright\u00bb background_color_phone=\u00bbrgba(0,0,0,0.45)\u00bb background_last_edited=\u00bbon|phone\u00bb background_enable_color_phone=\u00bbon\u00bb use_background_color_gradient_tablet=\u00bbon\u00bb use_background_color_gradient_phone=\u00bboff\u00bb background_color_gradient_start_tablet=\u00bbrgba(0,0,0,0.71)\u00bb background_color_gradient_end_tablet=\u00bbrgba(6,33,30,0.24)\u00bb border_radii=\u00bbon|16px|16px|16px|16px\u00bb box_shadow_style=\u00bbpreset3&#8243;][et_pb_column type=\u00bb4_4&#8243; _builder_version=\u00bb4.9.4&#8243; _module_preset=\u00bbdefault\u00bb][et_pb_text _builder_version=\u00bb4.9.7&#8243; _module_preset=\u00bbdefault\u00bb text_text_color=\u00bb#FFFFFF\u00bb text_font_size=\u00bb18px\u00bb header_text_align=\u00bbleft\u00bb header_2_font=\u00bb|||on|||||\u00bb header_2_font_size=\u00bb30px\u00bb text_orientation=\u00bbjustified\u00bb custom_margin=\u00bb342px||||false|false\u00bb custom_margin_tablet=\u00bb\u00bb custom_margin_phone=\u00bb140px||140px||true|false\u00bb custom_margin_last_edited=\u00bbon|phone\u00bb custom_padding=\u00bb|18px||18px|false|true\u00bb header_2_text_align_tablet=\u00bbcenter\u00bb header_2_text_align_phone=\u00bbcenter\u00bb header_2_text_align_last_edited=\u00bbon|phone\u00bb text_orientation_tablet=\u00bbcenter\u00bb text_orientation_phone=\u00bbcenter\u00bb text_orientation_last_edited=\u00bbon|phone\u00bb]\n<h2><span style=\"color: #ffffff\"><strong>Estudios previos<\/strong><\/span><\/h2>\n<p><span style=\"font-weight: 400;color: #ffffff\">Composici\u00f3n y conductividad del suelo, localizaci\u00f3n, topograf\u00eda, zonas de acumulaci\u00f3n de agua y climatolog\u00eda.<\/span><\/p>\n[\/et_pb_text][\/et_pb_column][\/et_pb_row][et_pb_row _builder_version=\u00bb4.9.7&#8243; _module_preset=\u00bbdefault\u00bb use_background_color_gradient=\u00bbon\u00bb background_color_gradient_start=\u00bbrgba(0,0,0,0.5)\u00bb background_color_gradient_end=\u00bbrgba(41,196,169,0)\u00bb background_color_gradient_direction=\u00bb360deg\u00bb background_color_gradient_end_position=\u00bb63%\u00bb background_image=\u00bbhttps:\/\/innoliva.com\/wp-content\/uploads\/2021\/06\/IMG_3684-2-scaled.jpg\u00bb background_blend=\u00bbmultiply\u00bb width_tablet=\u00bb\u00bb width_phone=\u00bb90%\u00bb width_last_edited=\u00bbon|phone\u00bb custom_margin=\u00bb||24px||false|false\u00bb custom_padding=\u00bb||16px||false|false\u00bb animation_style=\u00bbslide\u00bb animation_direction=\u00bbright\u00bb background_color_phone=\u00bbrgba(0,0,0,0.45)\u00bb background_last_edited=\u00bbon|phone\u00bb background_enable_color_phone=\u00bbon\u00bb use_background_color_gradient_tablet=\u00bbon\u00bb use_background_color_gradient_phone=\u00bboff\u00bb background_color_gradient_start_tablet=\u00bbrgba(0,0,0,0.71)\u00bb background_color_gradient_end_tablet=\u00bbrgba(6,33,30,0.24)\u00bb border_radii=\u00bbon|16px|16px|16px|16px\u00bb box_shadow_style=\u00bbpreset3&#8243;][et_pb_column type=\u00bb4_4&#8243; _builder_version=\u00bb4.9.4&#8243; _module_preset=\u00bbdefault\u00bb][et_pb_text _builder_version=\u00bb4.9.7&#8243; _module_preset=\u00bbdefault\u00bb text_text_color=\u00bb#FFFFFF\u00bb text_font_size=\u00bb18px\u00bb header_text_align=\u00bbleft\u00bb header_2_font=\u00bb|||on|||||\u00bb header_2_font_size=\u00bb30px\u00bb text_orientation=\u00bbjustified\u00bb custom_margin=\u00bb342px||||false|false\u00bb custom_margin_tablet=\u00bb\u00bb custom_margin_phone=\u00bb140px||140px||true|false\u00bb custom_margin_last_edited=\u00bbon|phone\u00bb custom_padding=\u00bb|18px||18px|false|true\u00bb header_2_text_align_tablet=\u00bbcenter\u00bb header_2_text_align_phone=\u00bbcenter\u00bb header_2_text_align_last_edited=\u00bbon|phone\u00bb text_orientation_tablet=\u00bbcenter\u00bb text_orientation_phone=\u00bbcenter\u00bb text_orientation_last_edited=\u00bbon|phone\u00bb]\n<h2><span style=\"color: #ffffff\"><strong>Dise\u00f1o de plantaci\u00f3n<\/strong><\/span><\/h2>\n<p><span style=\"font-weight: 400;color: #ffffff\">Variedades, marco, orientaci\u00f3n y estrategia de plantaci\u00f3n.<\/span><\/p>\n[\/et_pb_text][\/et_pb_column][\/et_pb_row][et_pb_row _builder_version=\u00bb4.9.7&#8243; _module_preset=\u00bbdefault\u00bb use_background_color_gradient=\u00bbon\u00bb background_color_gradient_start=\u00bbrgba(0,0,0,0.5)\u00bb background_color_gradient_end=\u00bbrgba(41,196,169,0)\u00bb background_color_gradient_direction=\u00bb360deg\u00bb background_color_gradient_end_position=\u00bb63%\u00bb background_image=\u00bbhttps:\/\/innoliva.com\/wp-content\/uploads\/2021\/06\/Trazabilidad-Carrusel-1.jpg\u00bb background_blend=\u00bbmultiply\u00bb width_tablet=\u00bb\u00bb width_phone=\u00bb90%\u00bb width_last_edited=\u00bbon|phone\u00bb custom_margin=\u00bb||24px||false|false\u00bb custom_padding=\u00bb||16px||false|false\u00bb animation_style=\u00bbslide\u00bb animation_direction=\u00bbright\u00bb background_color_phone=\u00bbrgba(0,0,0,0.45)\u00bb background_last_edited=\u00bbon|phone\u00bb background_enable_color_phone=\u00bbon\u00bb use_background_color_gradient_tablet=\u00bbon\u00bb use_background_color_gradient_phone=\u00bboff\u00bb background_color_gradient_start_tablet=\u00bbrgba(0,0,0,0.71)\u00bb background_color_gradient_end_tablet=\u00bbrgba(6,33,30,0.24)\u00bb border_radii=\u00bbon|16px|16px|16px|16px\u00bb box_shadow_style=\u00bbpreset3&#8243;][et_pb_column type=\u00bb4_4&#8243; _builder_version=\u00bb4.9.4&#8243; _module_preset=\u00bbdefault\u00bb][et_pb_text _builder_version=\u00bb4.9.7&#8243; _module_preset=\u00bbdefault\u00bb text_text_color=\u00bb#FFFFFF\u00bb text_font_size=\u00bb18px\u00bb header_text_align=\u00bbleft\u00bb header_2_font=\u00bb|||on|||||\u00bb header_2_font_size=\u00bb30px\u00bb text_orientation=\u00bbjustified\u00bb custom_margin=\u00bb342px||||false|false\u00bb custom_margin_tablet=\u00bb\u00bb custom_margin_phone=\u00bb140px||140px||true|false\u00bb custom_margin_last_edited=\u00bbon|phone\u00bb custom_padding=\u00bb|18px||18px|false|true\u00bb header_2_text_align_tablet=\u00bbcenter\u00bb header_2_text_align_phone=\u00bbcenter\u00bb header_2_text_align_last_edited=\u00bbon|phone\u00bb text_orientation_tablet=\u00bbcenter\u00bb text_orientation_phone=\u00bbcenter\u00bb text_orientation_last_edited=\u00bbon|phone\u00bb]\n<h2><span style=\"color: #ffffff\"><strong>Preparaci\u00f3n del terreno<\/strong><\/span><\/h2>\n<p><span style=\"font-weight: 400;color: #ffffff\">Acciones correctivas, arado profundo, homogeneizaci\u00f3n y nivelaci\u00f3n de superficie y alomado.<\/span><\/p>\n[\/et_pb_text][\/et_pb_column][\/et_pb_row][et_pb_row _builder_version=\u00bb4.9.7&#8243; _module_preset=\u00bbdefault\u00bb use_background_color_gradient=\u00bbon\u00bb background_color_gradient_start=\u00bbrgba(0,0,0,0.5)\u00bb background_color_gradient_end=\u00bbrgba(41,196,169,0)\u00bb background_color_gradient_direction=\u00bb360deg\u00bb background_color_gradient_end_position=\u00bb63%\u00bb background_image=\u00bbhttps:\/\/innoliva.com\/wp-content\/uploads\/2021\/06\/Innoliva-plantacion-Instalaciones-de-riego-1.jpeg\u00bb background_blend=\u00bbmultiply\u00bb width_tablet=\u00bb\u00bb width_phone=\u00bb90%\u00bb width_last_edited=\u00bbon|phone\u00bb custom_margin=\u00bb||24px||false|false\u00bb custom_padding=\u00bb||16px||false|false\u00bb animation_style=\u00bbslide\u00bb animation_direction=\u00bbright\u00bb background_color_phone=\u00bbrgba(0,0,0,0.45)\u00bb background_last_edited=\u00bbon|phone\u00bb background_enable_color_phone=\u00bbon\u00bb use_background_color_gradient_tablet=\u00bbon\u00bb use_background_color_gradient_phone=\u00bboff\u00bb background_color_gradient_start_tablet=\u00bbrgba(0,0,0,0.71)\u00bb background_color_gradient_end_tablet=\u00bbrgba(6,33,30,0.24)\u00bb border_radii=\u00bbon|16px|16px|16px|16px\u00bb box_shadow_style=\u00bbpreset3&#8243;][et_pb_column type=\u00bb4_4&#8243; _builder_version=\u00bb4.9.7&#8243; _module_preset=\u00bbdefault\u00bb][et_pb_text _builder_version=\u00bb4.9.10&#8243; _module_preset=\u00bbdefault\u00bb text_text_color=\u00bb#FFFFFF\u00bb text_font_size=\u00bb18px\u00bb header_text_align=\u00bbleft\u00bb header_2_font=\u00bb|||on|||||\u00bb header_2_text_align=\u00bbleft\u00bb header_2_font_size=\u00bb24px\u00bb text_orientation=\u00bbjustified\u00bb custom_margin=\u00bb342px||||false|false\u00bb custom_margin_tablet=\u00bb\u00bb custom_margin_phone=\u00bb140px||140px||true|false\u00bb custom_margin_last_edited=\u00bbon|phone\u00bb custom_padding=\u00bb|18px||18px|false|true\u00bb header_2_text_align_tablet=\u00bbcenter\u00bb header_2_text_align_phone=\u00bbcenter\u00bb header_2_text_align_last_edited=\u00bbon|phone\u00bb text_orientation_tablet=\u00bbcenter\u00bb text_orientation_phone=\u00bbcenter\u00bb text_orientation_last_edited=\u00bbon|phone\u00bb]\n<h2><span style=\"color: #ffffff\"><strong>Dise\u00f1o e instalaci\u00f3n de sistemas de riego y drenajes<\/strong><\/span><\/h2>\n<p><span style=\"font-weight: 400;color: #ffffff\">C\u00e1lculo de evapotranspiraci\u00f3n y de necesidades h\u00eddricas, l\u00edneas de agua, estaci\u00f3n de bombeo, goteros, filtros y automatizaci\u00f3n.\u00a0<\/span><\/p>\n[\/et_pb_text][\/et_pb_column][\/et_pb_row][\/et_pb_section]\n","protected":false},"excerpt":{"rendered":"<p>INNOLIVA PLANTACI\u00d3NEn Innoliva fuimos pioneros en la plantaci\u00f3n del olivar en seto y contamos con a\u00f1os de experiencia en la transformaci\u00f3n de fincas. Contamos con todos los recursos y el mejor conocimiento para llevar a cabo la transformaci\u00f3n de su finca maximizando su productividad y minimizando la inversi\u00f3n necesaria.Plantaci\u00f3n llave en mano Gesti\u00f3n integral del [&hellip;]<\/p>\n","protected":false},"author":1,"featured_media":592,"parent":0,"menu_order":0,"comment_status":"closed","ping_status":"closed","template":"","meta":{"_et_pb_use_builder":"on","_et_pb_old_content":"","_et_gb_content_width":"","footnotes":""},"class_list":["post-398","page","type-page","status-publish","has-post-thumbnail","hentry"],"aioseo_notices":[],"jetpack_sharing_enabled":true,"_links":{"self":[{"href":"https:\/\/innoliva.com\/en\/wp-json\/wp\/v2\/pages\/398","targetHints":{"allow":["GET"]}}],"collection":[{"href":"https:\/\/innoliva.com\/en\/wp-json\/wp\/v2\/pages"}],"about":[{"href":"https:\/\/innoliva.com\/en\/wp-json\/wp\/v2\/types\/page"}],"author":[{"embeddable":true,"href":"https:\/\/innoliva.com\/en\/wp-json\/wp\/v2\/users\/1"}],"replies":[{"embeddable":true,"href":"https:\/\/innoliva.com\/en\/wp-json\/wp\/v2\/comments?post=398"}],"version-history":[{"count":40,"href":"https:\/\/innoliva.com\/en\/wp-json\/wp\/v2\/pages\/398\/revisions"}],"predecessor-version":[{"id":3333,"href":"https:\/\/innoliva.com\/en\/wp-json\/wp\/v2\/pages\/398\/revisions\/3333"}],"wp:featuredmedia":[{"embeddable":true,"href":"https:\/\/innoliva.com\/en\/wp-json\/wp\/v2\/media\/592"}],"wp:attachment":[{"href":"https:\/\/innoliva.com\/en\/wp-json\/wp\/v2\/media?parent=398"}],"curies":[{"name":"wp","href":"https:\/\/api.w.org\/{rel}","templated":true}]}}