{"id":442,"date":"2021-06-09T10:23:07","date_gmt":"2021-06-09T10:23:07","guid":{"rendered":"https:\/\/pruebas.evernes.com\/innoliva\/?page_id=442"},"modified":"2021-08-05T07:07:52","modified_gmt":"2021-08-05T07:07:52","slug":"innoliva-servicios","status":"publish","type":"page","link":"https:\/\/innoliva.com\/en\/innoliva-servicios\/","title":{"rendered":"Innoliva Services"},"content":{"rendered":"[et_pb_section fb_built=\u00bb1&#8243; disabled_on=\u00bboff|off|off\u00bb admin_label=\u00bbSection\u00bb _builder_version=\u00bb4.9.7&#8243; _module_preset=\u00bbdefault\u00bb background_color=\u00bb#dedc1d\u00bb background_image=\u00bbhttps:\/\/innoliva.com\/wp-content\/uploads\/2021\/06\/Diseno-sin-titulo-21.jpg\u00bb height=\u00bb240px\u00bb height_tablet=\u00bb\u00bb height_phone=\u00bb\u00bb height_last_edited=\u00bbon|desktop\u00bb custom_padding=\u00bb0px||0px||true|\u00bb da_disable_devices=\u00bboff|off|off\u00bb da_is_popup=\u00bboff\u00bb da_exit_intent=\u00bboff\u00bb da_has_close=\u00bbon\u00bb da_alt_close=\u00bboff\u00bb da_dark_close=\u00bboff\u00bb da_not_modal=\u00bbon\u00bb da_is_singular=\u00bboff\u00bb da_with_loader=\u00bboff\u00bb da_has_shadow=\u00bbon\u00bb][et_pb_row _builder_version=\u00bb4.9.7&#8243; _module_preset=\u00bbdefault\u00bb custom_padding=\u00bb39px|||||\u00bb][et_pb_column type=\u00bb4_4&#8243; _builder_version=\u00bb4.9.4&#8243; _module_preset=\u00bbdefault\u00bb][et_pb_text _builder_version=\u00bb4.9.7&#8243; _module_preset=\u00bbdefault\u00bb text_font=\u00bb|700|||||||\u00bb text_text_color=\u00bb#000000&#8243; text_font_size=\u00bb42px\u00bb text_line_height=\u00bb1.2em\u00bb text_orientation=\u00bbcenter\u00bb text_font_size_tablet=\u00bb\u00bb text_font_size_phone=\u00bb35px\u00bb text_font_size_last_edited=\u00bbon|phone\u00bb global_colors_info=\u00bb{}\u00bb]\n<p>SERVICIOS<\/p>\n[\/et_pb_text][\/et_pb_column][\/et_pb_row][et_pb_row _builder_version=\u00bb4.9.7&#8243; _module_preset=\u00bbdefault\u00bb][et_pb_column type=\u00bb4_4&#8243; _builder_version=\u00bb4.9.4&#8243; _module_preset=\u00bbdefault\u00bb][et_pb_text _builder_version=\u00bb4.9.7&#8243; _module_preset=\u00bbdefault\u00bb text_font=\u00bb||||||||\u00bb text_text_color=\u00bb#000000&#8243; text_font_size=\u00bb20px\u00bb text_orientation=\u00bbcenter\u00bb global_colors_info=\u00bb{}\u00bb]En Innoliva somos especialistas en el olivar y en todas las \u00e1reas que rodean la elaboraci\u00f3n del mejor aceite de oliva virgen extra. Para ello contamos con un gran equipo de profesionales especializados en todas las \u00e1reas del proceso.[\/et_pb_text][\/et_pb_column][\/et_pb_row][\/et_pb_section][et_pb_section fb_built=\u00bb1&#8243; _builder_version=\u00bb4.9.7&#8243; _module_preset=\u00bbdefault\u00bb custom_padding=\u00bb26px|||||\u00bb da_disable_devices=\u00bboff|off|off\u00bb da_is_popup=\u00bboff\u00bb da_exit_intent=\u00bboff\u00bb da_has_close=\u00bbon\u00bb da_alt_close=\u00bboff\u00bb da_dark_close=\u00bboff\u00bb da_not_modal=\u00bbon\u00bb da_is_singular=\u00bboff\u00bb da_with_loader=\u00bboff\u00bb da_has_shadow=\u00bbon\u00bb][et_pb_row _builder_version=\u00bb4.9.7&#8243; _module_preset=\u00bbdefault\u00bb use_background_color_gradient=\u00bbon\u00bb background_color_gradient_start=\u00bbrgba(0,0,0,0.5)\u00bb background_color_gradient_end=\u00bbrgba(41,196,169,0)\u00bb background_color_gradient_direction=\u00bb360deg\u00bb background_color_gradient_end_position=\u00bb63%\u00bb background_image=\u00bbhttps:\/\/innoliva.com\/wp-content\/uploads\/2021\/06\/Nuestras-Fincas-Carmo-1.jpg\u00bb background_blend=\u00bbmultiply\u00bb width_tablet=\u00bb\u00bb width_phone=\u00bb90%\u00bb width_last_edited=\u00bbon|phone\u00bb custom_margin=\u00bb||24px||false|false\u00bb custom_padding=\u00bb||16px||false|false\u00bb animation_style=\u00bbslide\u00bb animation_direction=\u00bbright\u00bb background_color_phone=\u00bbrgba(0,0,0,0.45)\u00bb background_last_edited=\u00bbon|phone\u00bb background_enable_color_phone=\u00bbon\u00bb use_background_color_gradient_tablet=\u00bbon\u00bb use_background_color_gradient_phone=\u00bboff\u00bb background_color_gradient_start_tablet=\u00bbrgba(0,0,0,0.71)\u00bb background_color_gradient_end_tablet=\u00bbrgba(6,33,30,0.24)\u00bb border_radii=\u00bbon|16px|16px|16px|16px\u00bb box_shadow_style=\u00bbpreset3&#8243;][et_pb_column type=\u00bb4_4&#8243; _builder_version=\u00bb4.9.4&#8243; _module_preset=\u00bbdefault\u00bb][et_pb_text _builder_version=\u00bb4.9.7&#8243; _module_preset=\u00bbdefault\u00bb text_text_color=\u00bb#FFFFFF\u00bb text_font_size=\u00bb18px\u00bb header_text_align=\u00bbleft\u00bb header_2_font=\u00bb|||on|||||\u00bb header_2_font_size=\u00bb30px\u00bb text_orientation=\u00bbjustified\u00bb custom_margin=\u00bb342px||||false|false\u00bb custom_margin_tablet=\u00bb\u00bb custom_margin_phone=\u00bb140px||140px||true|false\u00bb custom_margin_last_edited=\u00bbon|phone\u00bb custom_padding=\u00bb|18px||18px|false|true\u00bb header_2_text_align_tablet=\u00bbcenter\u00bb header_2_text_align_phone=\u00bbcenter\u00bb header_2_text_align_last_edited=\u00bbon|phone\u00bb text_orientation_tablet=\u00bbcenter\u00bb text_orientation_phone=\u00bbcenter\u00bb text_orientation_last_edited=\u00bbon|phone\u00bb]\n<h2><span style=\"color: #ffffff;\"><strong>Gesti\u00f3n integral de fincas<\/strong><\/span><\/h2>\n<p><span style=\"font-weight: 400; color: #ffffff;\">Nuestro personal experto se encargar\u00e1 de todo lo necesario para la gesti\u00f3n en el d\u00eda a d\u00eda de su finca: Plan de tratamientos, plan de fertilizaci\u00f3n, plan de riego, poda, cosecha, molturaci\u00f3n y preparaci\u00f3n de lotes.<\/span><\/p>\n[\/et_pb_text][\/et_pb_column][\/et_pb_row][et_pb_row _builder_version=\u00bb4.9.7&#8243; _module_preset=\u00bbdefault\u00bb use_background_color_gradient=\u00bbon\u00bb background_color_gradient_start=\u00bbrgba(0,0,0,0.5)\u00bb background_color_gradient_end=\u00bbrgba(41,196,169,0)\u00bb background_color_gradient_direction=\u00bb360deg\u00bb background_color_gradient_end_position=\u00bb63%\u00bb background_image=\u00bbhttps:\/\/innoliva.com\/wp-content\/uploads\/2021\/06\/Innoliva-Servicios-Asesoramiento-tecnico-scaled-1.jpg\u00bb background_blend=\u00bbmultiply\u00bb width_tablet=\u00bb\u00bb width_phone=\u00bb90%\u00bb width_last_edited=\u00bbon|phone\u00bb custom_margin=\u00bb||24px||false|false\u00bb custom_padding=\u00bb||16px||false|false\u00bb animation_style=\u00bbslide\u00bb animation_direction=\u00bbright\u00bb background_color_phone=\u00bbrgba(0,0,0,0.45)\u00bb background_last_edited=\u00bbon|phone\u00bb background_enable_color_phone=\u00bbon\u00bb use_background_color_gradient_tablet=\u00bbon\u00bb use_background_color_gradient_phone=\u00bboff\u00bb background_color_gradient_start_tablet=\u00bbrgba(0,0,0,0.71)\u00bb background_color_gradient_end_tablet=\u00bbrgba(6,33,30,0.24)\u00bb border_radii=\u00bbon|16px|16px|16px|16px\u00bb box_shadow_style=\u00bbpreset3&#8243;][et_pb_column type=\u00bb4_4&#8243; _builder_version=\u00bb4.9.4&#8243; _module_preset=\u00bbdefault\u00bb][et_pb_text _builder_version=\u00bb4.9.7&#8243; _module_preset=\u00bbdefault\u00bb text_text_color=\u00bb#FFFFFF\u00bb text_font_size=\u00bb18px\u00bb header_text_align=\u00bbleft\u00bb header_2_font=\u00bb|||on|||||\u00bb header_2_font_size=\u00bb30px\u00bb text_orientation=\u00bbjustified\u00bb custom_margin=\u00bb342px||||false|false\u00bb custom_margin_tablet=\u00bb\u00bb custom_margin_phone=\u00bb140px||140px||true|false\u00bb custom_margin_last_edited=\u00bbon|phone\u00bb custom_padding=\u00bb|18px||18px|false|true\u00bb header_2_text_align_tablet=\u00bbcenter\u00bb header_2_text_align_phone=\u00bbcenter\u00bb header_2_text_align_last_edited=\u00bbon|phone\u00bb text_orientation_tablet=\u00bbcenter\u00bb text_orientation_phone=\u00bbcenter\u00bb text_orientation_last_edited=\u00bbon|phone\u00bb]\n<h2><span style=\"color: #ffffff;\"><strong>Asesoramiento T\u00e9cnico<\/strong><\/span><\/h2>\n<p><span style=\"font-weight: 400; color: #ffffff;\">Toda la experiencia y conocimiento t\u00e9cnico de Innoliva a su disposici\u00f3n para maximizar la productividad de la finca y su beneficio.<\/span><\/p>\n[\/et_pb_text][\/et_pb_column][\/et_pb_row][et_pb_row _builder_version=\u00bb4.9.7&#8243; _module_preset=\u00bbdefault\u00bb use_background_color_gradient=\u00bbon\u00bb background_color_gradient_start=\u00bbrgba(0,0,0,0.5)\u00bb background_color_gradient_end=\u00bbrgba(41,196,169,0)\u00bb background_color_gradient_direction=\u00bb360deg\u00bb background_color_gradient_end_position=\u00bb63%\u00bb background_image=\u00bbhttps:\/\/innoliva.com\/wp-content\/uploads\/2021\/06\/Recoleccion-2.png\u00bb background_blend=\u00bbmultiply\u00bb width_tablet=\u00bb\u00bb width_phone=\u00bb90%\u00bb width_last_edited=\u00bbon|phone\u00bb custom_margin=\u00bb||24px||false|false\u00bb custom_padding=\u00bb||16px||false|false\u00bb animation_style=\u00bbslide\u00bb animation_direction=\u00bbright\u00bb background_color_phone=\u00bbrgba(0,0,0,0.45)\u00bb background_last_edited=\u00bbon|phone\u00bb background_enable_color_phone=\u00bbon\u00bb use_background_color_gradient_tablet=\u00bbon\u00bb use_background_color_gradient_phone=\u00bboff\u00bb background_color_gradient_start_tablet=\u00bbrgba(0,0,0,0.71)\u00bb background_color_gradient_end_tablet=\u00bbrgba(6,33,30,0.24)\u00bb border_radii=\u00bbon|16px|16px|16px|16px\u00bb box_shadow_style=\u00bbpreset3&#8243;][et_pb_column type=\u00bb4_4&#8243; _builder_version=\u00bb4.9.4&#8243; _module_preset=\u00bbdefault\u00bb][et_pb_text _builder_version=\u00bb4.9.7&#8243; _module_preset=\u00bbdefault\u00bb text_text_color=\u00bb#FFFFFF\u00bb text_font_size=\u00bb18px\u00bb header_text_align=\u00bbleft\u00bb header_2_font=\u00bb|||on|||||\u00bb header_2_font_size=\u00bb30px\u00bb text_orientation=\u00bbjustified\u00bb custom_margin=\u00bb342px||||false|false\u00bb custom_margin_tablet=\u00bb\u00bb custom_margin_phone=\u00bb140px||140px||true|false\u00bb custom_margin_last_edited=\u00bbon|phone\u00bb custom_padding=\u00bb|18px||18px|false|true\u00bb header_2_text_align_tablet=\u00bbcenter\u00bb header_2_text_align_phone=\u00bbcenter\u00bb header_2_text_align_last_edited=\u00bbon|phone\u00bb text_orientation_tablet=\u00bbcenter\u00bb text_orientation_phone=\u00bbcenter\u00bb text_orientation_last_edited=\u00bbon|phone\u00bb]\n<h2><span style=\"color: #ffffff;\"><strong>Recolecci\u00f3n con calbalgadoras<\/strong><\/span><\/h2>\n<p><span style=\"font-weight: 400; color: #ffffff;\">Toda nuestra estructura y log\u00edstica de cosecha a su alcance.<\/span><\/p>\n[\/et_pb_text][\/et_pb_column][\/et_pb_row][et_pb_row _builder_version=\u00bb4.9.7&#8243; _module_preset=\u00bbdefault\u00bb use_background_color_gradient=\u00bbon\u00bb background_color_gradient_start=\u00bbrgba(0,0,0,0.5)\u00bb background_color_gradient_end=\u00bbrgba(41,196,169,0)\u00bb background_color_gradient_direction=\u00bb360deg\u00bb background_color_gradient_end_position=\u00bb63%\u00bb background_image=\u00bbhttps:\/\/innoliva.com\/wp-content\/uploads\/2021\/06\/Innoliva_Innovation_7.jpg\u00bb background_blend=\u00bbmultiply\u00bb width_tablet=\u00bb\u00bb width_phone=\u00bb90%\u00bb width_last_edited=\u00bbon|phone\u00bb custom_margin=\u00bb||24px||false|false\u00bb custom_padding=\u00bb||16px||false|false\u00bb animation_style=\u00bbslide\u00bb animation_direction=\u00bbright\u00bb background_color_phone=\u00bbrgba(0,0,0,0.45)\u00bb background_last_edited=\u00bbon|phone\u00bb background_enable_color_phone=\u00bbon\u00bb use_background_color_gradient_tablet=\u00bbon\u00bb use_background_color_gradient_phone=\u00bboff\u00bb background_color_gradient_start_tablet=\u00bbrgba(0,0,0,0.71)\u00bb background_color_gradient_end_tablet=\u00bbrgba(6,33,30,0.24)\u00bb border_radii=\u00bbon|16px|16px|16px|16px\u00bb box_shadow_style=\u00bbpreset3&#8243;][et_pb_column type=\u00bb4_4&#8243; _builder_version=\u00bb4.9.4&#8243; _module_preset=\u00bbdefault\u00bb][et_pb_text _builder_version=\u00bb4.9.7&#8243; _module_preset=\u00bbdefault\u00bb text_text_color=\u00bb#FFFFFF\u00bb text_font_size=\u00bb18px\u00bb header_text_align=\u00bbleft\u00bb header_2_font=\u00bb|||on|||||\u00bb header_2_font_size=\u00bb30px\u00bb text_orientation=\u00bbjustified\u00bb custom_margin=\u00bb342px||||false|false\u00bb custom_margin_tablet=\u00bb\u00bb custom_margin_phone=\u00bb140px||140px||true|false\u00bb custom_margin_last_edited=\u00bbon|phone\u00bb custom_padding=\u00bb|18px||18px|false|true\u00bb header_2_text_align_tablet=\u00bbcenter\u00bb header_2_text_align_phone=\u00bbcenter\u00bb header_2_text_align_last_edited=\u00bbon|phone\u00bb text_orientation_tablet=\u00bbcenter\u00bb text_orientation_phone=\u00bbcenter\u00bb text_orientation_last_edited=\u00bbon|phone\u00bb]\n<h2><span style=\"color: #ffffff;\"><strong>Molturaci\u00f3n<\/strong><\/span><\/h2>\n<p><span style=\"font-weight: 400; color: #ffffff;\">Nuestra almazara de \u00faltima generaci\u00f3n est\u00e1 al servicio de la producci\u00f3n de un aceite de la m\u00e1s alta calidad y as\u00ed lo reconocen nuestros clientes.<\/span><\/p>\n[\/et_pb_text][\/et_pb_column][\/et_pb_row][et_pb_row _builder_version=\u00bb4.9.7&#8243; _module_preset=\u00bbdefault\u00bb use_background_color_gradient=\u00bbon\u00bb background_color_gradient_start=\u00bbrgba(0,0,0,0.5)\u00bb background_color_gradient_end=\u00bbrgba(41,196,169,0)\u00bb background_color_gradient_direction=\u00bb360deg\u00bb background_color_gradient_end_position=\u00bb63%\u00bb background_image=\u00bbhttps:\/\/innoliva.com\/wp-content\/uploads\/2021\/07\/Diseno-sin-titulo.png\u00bb background_blend=\u00bbmultiply\u00bb width_tablet=\u00bb\u00bb width_phone=\u00bb90%\u00bb width_last_edited=\u00bbon|phone\u00bb custom_margin=\u00bb||24px||false|false\u00bb custom_padding=\u00bb||16px||false|false\u00bb animation_style=\u00bbslide\u00bb animation_direction=\u00bbright\u00bb background_color_phone=\u00bbrgba(0,0,0,0.45)\u00bb background_last_edited=\u00bbon|phone\u00bb background_enable_color_phone=\u00bbon\u00bb use_background_color_gradient_tablet=\u00bbon\u00bb use_background_color_gradient_phone=\u00bboff\u00bb background_color_gradient_start_tablet=\u00bbrgba(0,0,0,0.71)\u00bb background_color_gradient_end_tablet=\u00bbrgba(6,33,30,0.24)\u00bb border_radii=\u00bbon|16px|16px|16px|16px\u00bb box_shadow_style=\u00bbpreset3&#8243;][et_pb_column type=\u00bb4_4&#8243; _builder_version=\u00bb4.9.4&#8243; _module_preset=\u00bbdefault\u00bb][et_pb_text _builder_version=\u00bb4.9.10&#8243; _module_preset=\u00bbdefault\u00bb text_text_color=\u00bb#FFFFFF\u00bb text_font_size=\u00bb18px\u00bb header_text_align=\u00bbleft\u00bb header_2_font=\u00bb|||on|||||\u00bb header_2_font_size=\u00bb30px\u00bb text_orientation=\u00bbjustified\u00bb custom_margin=\u00bb342px||||false|false\u00bb custom_margin_tablet=\u00bb\u00bb custom_margin_phone=\u00bb140px||140px||true|false\u00bb custom_margin_last_edited=\u00bbon|phone\u00bb custom_padding=\u00bb|18px||18px|false|true\u00bb hover_enabled=\u00bb0&#8243; header_2_text_align_tablet=\u00bbcenter\u00bb header_2_text_align_phone=\u00bbcenter\u00bb header_2_text_align_last_edited=\u00bbon|phone\u00bb header_2_font_size_tablet=\u00bb\u00bb header_2_font_size_phone=\u00bb25px\u00bb header_2_font_size_last_edited=\u00bbon|phone\u00bb text_orientation_tablet=\u00bbcenter\u00bb text_orientation_phone=\u00bbcenter\u00bb text_orientation_last_edited=\u00bbon|phone\u00bb sticky_enabled=\u00bb0&#8243;]\n<h2><span style=\"color: #ffffff;\"><strong>Comercializaci\u00f3n de aceite<\/strong><\/span><\/h2>\n<p><span style=\"font-weight: 400; color: #ffffff;\">Innoliva es sin\u00f3nimo de trazabilidad, garant\u00eda y calidad y as\u00ed es reconocido por nuestros clientes.<\/span><\/p>\n[\/et_pb_text][\/et_pb_column][\/et_pb_row][\/et_pb_section]\n","protected":false},"excerpt":{"rendered":"<p>SERVICIOSEn Innoliva somos especialistas en el olivar y en todas las \u00e1reas que rodean la elaboraci\u00f3n del mejor aceite de oliva virgen extra. Para ello contamos con un gran equipo de profesionales especializados en todas las \u00e1reas del proceso.Gesti\u00f3n integral de fincas Nuestro personal experto se encargar\u00e1 de todo lo necesario para la gesti\u00f3n en [&hellip;]<\/p>\n","protected":false},"author":1,"featured_media":291,"parent":0,"menu_order":0,"comment_status":"closed","ping_status":"closed","template":"","meta":{"_et_pb_use_builder":"on","_et_pb_old_content":"","_et_gb_content_width":"","footnotes":""},"class_list":["post-442","page","type-page","status-publish","has-post-thumbnail","hentry"],"aioseo_notices":[],"jetpack_sharing_enabled":true,"_links":{"self":[{"href":"https:\/\/innoliva.com\/en\/wp-json\/wp\/v2\/pages\/442","targetHints":{"allow":["GET"]}}],"collection":[{"href":"https:\/\/innoliva.com\/en\/wp-json\/wp\/v2\/pages"}],"about":[{"href":"https:\/\/innoliva.com\/en\/wp-json\/wp\/v2\/types\/page"}],"author":[{"embeddable":true,"href":"https:\/\/innoliva.com\/en\/wp-json\/wp\/v2\/users\/1"}],"replies":[{"embeddable":true,"href":"https:\/\/innoliva.com\/en\/wp-json\/wp\/v2\/comments?post=442"}],"version-history":[{"count":24,"href":"https:\/\/innoliva.com\/en\/wp-json\/wp\/v2\/pages\/442\/revisions"}],"predecessor-version":[{"id":2564,"href":"https:\/\/innoliva.com\/en\/wp-json\/wp\/v2\/pages\/442\/revisions\/2564"}],"wp:featuredmedia":[{"embeddable":true,"href":"https:\/\/innoliva.com\/en\/wp-json\/wp\/v2\/media\/291"}],"wp:attachment":[{"href":"https:\/\/innoliva.com\/en\/wp-json\/wp\/v2\/media?parent=442"}],"curies":[{"name":"wp","href":"https:\/\/api.w.org\/{rel}","templated":true}]}}